{"id":2349,"date":"2022-10-18T08:51:34","date_gmt":"2022-10-18T08:51:34","guid":{"rendered":"https:\/\/klbtheme.com\/partdo\/?page_id=2349"},"modified":"2025-11-19T01:16:36","modified_gmt":"2025-11-19T00:16:36","slug":"o-nas","status":"publish","type":"page","link":"https:\/\/czemunie24.com\/?page_id=2349&lang=pl","title":{"rendered":"O nas"},"content":{"rendered":"\t\t<div data-elementor-type=\"wp-page\" data-elementor-id=\"2349\" class=\"elementor elementor-2349\" data-elementor-post-type=\"page\">\n\t\t\t\t\t\t<section class=\"elementor-section elementor-top-section elementor-element elementor-element-be2ed4a elementor-section-full_width elementor-section-height-default elementor-section-height-default\" data-id=\"be2ed4a\" data-element_type=\"section\">\n\t\t\t\t\t\t<div class=\"elementor-container elementor-column-gap-no\">\n\t\t\t\t\t<div class=\"elementor-column elementor-col-100 elementor-top-column elementor-element elementor-element-fdb95ef\" data-id=\"fdb95ef\" data-element_type=\"column\">\n\t\t\t<div class=\"elementor-widget-wrap elementor-element-populated\">\n\t\t\t\t\t\t<div class=\"elementor-element elementor-element-af29231 elementor-widget elementor-widget-partdo-page-banner\" data-id=\"af29231\" data-element_type=\"widget\" data-widget_type=\"partdo-page-banner.default\">\n\t\t\t\t<div class=\"elementor-widget-container\">\n\t\t\t\t\t<div class=\"entry-page-header\"><div class=\"container\"><div class=\"page-header-content\"><h1 class=\"entry-title\">CzemuNie24.com<\/h1><div class=\"entry-description\"> <p>Producent smyczy i akcesori\u00f3w reklamowych.<\/p><\/div><\/div><\/div><div class=\"entry-image\"> <img decoding=\"async\" src=\"https:\/\/czemunie24.com\/wp-content\/uploads\/2022\/10\/smycze-miarki1.jpg\"><\/div><\/div>\t\t\t\t<\/div>\n\t\t\t\t<\/div>\n\t\t\t\t\t<\/div>\n\t\t<\/div>\n\t\t\t\t\t<\/div>\n\t\t<\/section>\n\t\t\t\t<section class=\"elementor-section elementor-top-section elementor-element elementor-element-7b0e655 elementor-section-boxed elementor-section-height-default elementor-section-height-default\" data-id=\"7b0e655\" data-element_type=\"section\">\n\t\t\t\t\t\t<div class=\"elementor-container elementor-column-gap-extended\">\n\t\t\t\t\t<div class=\"elementor-column elementor-col-100 elementor-top-column elementor-element elementor-element-6aaf18b white-box\" data-id=\"6aaf18b\" data-element_type=\"column\">\n\t\t\t<div class=\"elementor-widget-wrap elementor-element-populated\">\n\t\t\t\t\t\t<div class=\"elementor-element elementor-element-b67e798 elementor-widget elementor-widget-heading\" data-id=\"b67e798\" data-element_type=\"widget\" data-widget_type=\"heading.default\">\n\t\t\t\t\t<p class=\"elementor-heading-title elementor-size-default\">Nasza firma od lat specjalizuje si\u0119 w kompleksowej produkcji akcesori\u00f3w reklamowych, oferuj\u0105c szeroki wachlarz wyrob\u00f3w dostosowanych do indywidualnych potrzeb klient\u00f3w. Posiadamy w\u0142asne, nowoczesne zaplecze produkcyjne oraz wykwalifikowany zesp\u00f3\u0142, kt\u00f3ry dba o najwy\u017csz\u0105 jako\u015b\u0107 ka\u017cdego realizowanego zam\u00f3wienia. Do naszych flagowych produkt\u00f3w nale\u017c\u0105 smycze reklamowe \u2013 wykonujemy je zar\u00f3wno metod\u0105 druku sublimacyjnego, sitodruku, jak i zaawansowanym haftem. Smycze dost\u0119pne s\u0105 w wielu wariantach: poliestrowe, nylonowe, bawe\u0142niane, z szerokim wachlarzem dodatk\u00f3w takich jak karabi\u0144czyki, klamry czy uchwyty. Ka\u017cda smycz mo\u017ce zosta\u0107 w pe\u0142ni spersonalizowana, a nadruki charakteryzuj\u0105 si\u0119 trwa\u0142o\u015bci\u0105 i intensywn\u0105 kolorystyk\u0105.<\/p>\t\t\t\t<\/div>\n\t\t\t\t<div class=\"elementor-element elementor-element-ac66458 elementor-widget elementor-widget-heading\" data-id=\"ac66458\" data-element_type=\"widget\" data-widget_type=\"heading.default\">\n\t\t\t\t\t<p class=\"elementor-heading-title elementor-size-default\">Opr\u00f3cz smyczy produkujemy nowoczesne podk\u0142adki pod myszki, kt\u00f3re pe\u0142ni\u0105 nie tylko funkcj\u0119 praktyczn\u0105, ale tak\u017ce reklamow\u0105. Oferujemy podk\u0142adki z logo, grafik\u0105 promocyjn\u0105 lub dowolnym projektem przes\u0142anym przez klienta \u2013 dost\u0119pne s\u0105 modele z PCV\/PP, gumy, silikonu, tkaniny czy \u017celu, a tak\u017ce podk\u0142adki o nietypowych kszta\u0142tach i funkcjonalno\u015bciach, np. maty pod nadgarstek czy podk\u0142adki kalendarzowe. Dzi\u0119ki technologiom druku offsetowego UV oraz wyselekcjonowanym tworzywom zapewniamy wysok\u0105 odporno\u015b\u0107 na \u015bcieranie oraz d\u0142ugoletni\u0105 trwa\u0142o\u015b\u0107 nadruk\u00f3w.<\/p>\t\t\t\t<\/div>\n\t\t\t\t\t<\/div>\n\t\t<\/div>\n\t\t\t\t\t<\/div>\n\t\t<\/section>\n\t\t\t\t<section class=\"elementor-section elementor-top-section elementor-element elementor-element-61b43c6 elementor-section-boxed elementor-section-height-default elementor-section-height-default\" data-id=\"61b43c6\" data-element_type=\"section\">\n\t\t\t\t\t\t<div class=\"elementor-container elementor-column-gap-extended\">\n\t\t\t\t\t<div class=\"elementor-column elementor-col-50 elementor-top-column elementor-element elementor-element-e3813fc\" data-id=\"e3813fc\" data-element_type=\"column\">\n\t\t\t<div class=\"elementor-widget-wrap elementor-element-populated\">\n\t\t\t\t\t\t<div class=\"elementor-element elementor-element-49728fb elementor-widget elementor-widget-image\" data-id=\"49728fb\" data-element_type=\"widget\" data-widget_type=\"image.default\">\n\t\t\t\t\t\t\t\t\t\t\t\t\t\t\t<img decoding=\"async\" src=\"https:\/\/czemunie24.com\/wp-content\/uploads\/2022\/10\/20mm-5.jpg\" title=\"20mm-5\" alt=\"20mm-5\" loading=\"lazy\" \/>\t\t\t\t\t\t\t\t\t\t\t\t\t\t\t<\/div>\n\t\t\t\t\t<\/div>\n\t\t<\/div>\n\t\t\t\t<div class=\"elementor-column elementor-col-50 elementor-top-column elementor-element elementor-element-916e7d2\" data-id=\"916e7d2\" data-element_type=\"column\">\n\t\t\t<div class=\"elementor-widget-wrap elementor-element-populated\">\n\t\t\t\t\t\t<div class=\"elementor-element elementor-element-89c6f7b elementor-widget elementor-widget-image\" data-id=\"89c6f7b\" data-element_type=\"widget\" data-widget_type=\"image.default\">\n\t\t\t\t\t\t\t\t\t\t\t\t\t\t\t<img decoding=\"async\" src=\"https:\/\/czemunie24.com\/wp-content\/uploads\/2022\/10\/kubki-22-scaled.jpg\" title=\"kubki-22\" alt=\"kubki-22\" loading=\"lazy\" \/>\t\t\t\t\t\t\t\t\t\t\t\t\t\t\t<\/div>\n\t\t\t\t<div class=\"elementor-element elementor-element-55646b2 elementor-widget elementor-widget-image\" data-id=\"55646b2\" data-element_type=\"widget\" data-widget_type=\"image.default\">\n\t\t\t\t\t\t\t\t\t\t\t\t\t\t\t<img decoding=\"async\" src=\"https:\/\/czemunie24.com\/wp-content\/uploads\/2022\/10\/kubki-29-scaled.jpg\" title=\"kubki-29\" alt=\"kubki-29\" loading=\"lazy\" \/>\t\t\t\t\t\t\t\t\t\t\t\t\t\t\t<\/div>\n\t\t\t\t\t<\/div>\n\t\t<\/div>\n\t\t\t\t\t<\/div>\n\t\t<\/section>\n\t\t\t\t<section class=\"elementor-section elementor-top-section elementor-element elementor-element-30fba08 elementor-section-boxed elementor-section-height-default elementor-section-height-default\" data-id=\"30fba08\" data-element_type=\"section\">\n\t\t\t\t\t\t<div class=\"elementor-container elementor-column-gap-extended\">\n\t\t\t\t\t<div class=\"elementor-column elementor-col-50 elementor-top-column elementor-element elementor-element-ff517c6\" data-id=\"ff517c6\" data-element_type=\"column\">\n\t\t\t<div class=\"elementor-widget-wrap elementor-element-populated\">\n\t\t\t\t\t\t<div class=\"elementor-element elementor-element-4efdcae elementor-widget elementor-widget-heading\" data-id=\"4efdcae\" data-element_type=\"widget\" data-widget_type=\"heading.default\">\n\t\t\t\t\t<span class=\"elementor-heading-title elementor-size-default\">01<\/span>\t\t\t\t<\/div>\n\t\t\t\t\t<\/div>\n\t\t<\/div>\n\t\t\t\t<div class=\"elementor-column elementor-col-50 elementor-top-column elementor-element elementor-element-1821dc8\" data-id=\"1821dc8\" data-element_type=\"column\">\n\t\t\t<div class=\"elementor-widget-wrap elementor-element-populated\">\n\t\t\t\t\t\t<div class=\"elementor-element elementor-element-7bdf8b5 elementor-widget elementor-widget-heading\" data-id=\"7bdf8b5\" data-element_type=\"widget\" data-widget_type=\"heading.default\">\n\t\t\t\t\t<span class=\"elementor-heading-title elementor-size-default\">\nCzemuNie24.com<\/span>\t\t\t\t<\/div>\n\t\t\t\t<div class=\"elementor-element elementor-element-0c6ce1f elementor-widget elementor-widget-heading\" data-id=\"0c6ce1f\" data-element_type=\"widget\" data-widget_type=\"heading.default\">\n\t\t\t\t\t<h2 class=\"elementor-heading-title elementor-size-default\">CzemuNie24.com - wi\u0119cej niz produent smyczy reklamowych\n<\/h2>\t\t\t\t<\/div>\n\t\t\t\t\t<\/div>\n\t\t<\/div>\n\t\t\t\t\t<\/div>\n\t\t<\/section>\n\t\t\t\t<section class=\"elementor-section elementor-top-section elementor-element elementor-element-cc529be elementor-section-boxed elementor-section-height-default elementor-section-height-default\" data-id=\"cc529be\" data-element_type=\"section\">\n\t\t\t\t\t\t<div class=\"elementor-container elementor-column-gap-extended\">\n\t\t\t\t\t<div class=\"elementor-column elementor-col-100 elementor-top-column elementor-element elementor-element-c9a36db\" data-id=\"c9a36db\" data-element_type=\"column\">\n\t\t\t<div class=\"elementor-widget-wrap elementor-element-populated\">\n\t\t\t\t\t\t<div class=\"elementor-element elementor-element-c84cdb4 elementor-widget elementor-widget-heading\" data-id=\"c84cdb4\" data-element_type=\"widget\" data-widget_type=\"heading.default\">\n\t\t\t\t\t<p class=\"elementor-heading-title elementor-size-default\">W naszej ofercie znajduj\u0105 si\u0119 tak\u017ce torby reklamowe \u2013 bawe\u0142niane, poliestrowe, jutowe, termiczne oraz wiele innych. Projekty realizujemy z wykorzystaniem najnowocze\u015bniejszych technik nadruku, takich jak sitodruk, DTG czy transfer termiczny. Torby mog\u0105 by\u0107 wykonane w dowolnym kolorze, z nieograniczonymi mo\u017cliwo\u015bciami personalizacji \u2013 logo firmy, has\u0142a reklamowe lub grafiki promocyjne, a tak\u017ce indywidualne projekty. Nasze torby s\u0105 wytrzyma\u0142e, nadaj\u0105 si\u0119 do wielokrotnego u\u017cytku i stanowi\u0105 ekologiczny no\u015bnik reklamy.<\/p>\t\t\t\t<\/div>\n\t\t\t\t\t<\/div>\n\t\t<\/div>\n\t\t\t\t\t<\/div>\n\t\t<\/section>\n\t\t\t\t<section class=\"elementor-section elementor-top-section elementor-element elementor-element-d6d9eb1 elementor-section-boxed elementor-section-height-default elementor-section-height-default\" data-id=\"d6d9eb1\" data-element_type=\"section\">\n\t\t\t\t\t\t<div class=\"elementor-container elementor-column-gap-extended\">\n\t\t\t\t\t<div class=\"elementor-column elementor-col-100 elementor-top-column elementor-element elementor-element-a614e8a\" data-id=\"a614e8a\" data-element_type=\"column\">\n\t\t\t<div class=\"elementor-widget-wrap elementor-element-populated\">\n\t\t\t\t\t\t<div class=\"elementor-element elementor-element-c8bd301 elementor-widget-divider--view-line elementor-widget elementor-widget-divider\" data-id=\"c8bd301\" data-element_type=\"widget\" data-widget_type=\"divider.default\">\n\t\t\t\t\t\t\t<div class=\"elementor-divider\">\n\t\t\t<span class=\"elementor-divider-separator\">\n\t\t\t\t\t\t<\/span>\n\t\t<\/div>\n\t\t\t\t\t\t<\/div>\n\t\t\t\t\t<\/div>\n\t\t<\/div>\n\t\t\t\t\t<\/div>\n\t\t<\/section>\n\t\t\t\t<section class=\"elementor-section elementor-top-section elementor-element elementor-element-13b5bdf elementor-section-boxed elementor-section-height-default elementor-section-height-default\" data-id=\"13b5bdf\" data-element_type=\"section\">\n\t\t\t\t\t\t<div class=\"elementor-container elementor-column-gap-extended\">\n\t\t\t\t\t<div class=\"elementor-column elementor-col-50 elementor-top-column elementor-element elementor-element-23af922\" data-id=\"23af922\" data-element_type=\"column\">\n\t\t\t<div class=\"elementor-widget-wrap elementor-element-populated\">\n\t\t\t\t\t\t<div class=\"elementor-element elementor-element-dd3b315 elementor-widget elementor-widget-heading\" data-id=\"dd3b315\" data-element_type=\"widget\" data-widget_type=\"heading.default\">\n\t\t\t\t\t<span class=\"elementor-heading-title elementor-size-default\">02<\/span>\t\t\t\t<\/div>\n\t\t\t\t\t<\/div>\n\t\t<\/div>\n\t\t\t\t<div class=\"elementor-column elementor-col-50 elementor-top-column elementor-element elementor-element-6d6d69f\" data-id=\"6d6d69f\" data-element_type=\"column\">\n\t\t\t<div class=\"elementor-widget-wrap elementor-element-populated\">\n\t\t\t\t\t\t<div class=\"elementor-element elementor-element-cd7a98c elementor-widget elementor-widget-heading\" data-id=\"cd7a98c\" data-element_type=\"widget\" data-widget_type=\"heading.default\">\n\t\t\t\t\t<span class=\"elementor-heading-title elementor-size-default\">\nCzemuNie24.com<\/span>\t\t\t\t<\/div>\n\t\t\t\t<div class=\"elementor-element elementor-element-08ac546 elementor-widget elementor-widget-heading\" data-id=\"08ac546\" data-element_type=\"widget\" data-widget_type=\"heading.default\">\n\t\t\t\t\t<h2 class=\"elementor-heading-title elementor-size-default\">TECHNOLOGIA, DO\u015aWIADCZENIE I JAKO\u015a\u0106\n<\/h2>\t\t\t\t<\/div>\n\t\t\t\t\t<\/div>\n\t\t<\/div>\n\t\t\t\t\t<\/div>\n\t\t<\/section>\n\t\t\t\t<section class=\"elementor-section elementor-top-section elementor-element elementor-element-439d57b elementor-section-boxed elementor-section-height-default elementor-section-height-default\" data-id=\"439d57b\" data-element_type=\"section\">\n\t\t\t\t\t\t<div class=\"elementor-container elementor-column-gap-extended\">\n\t\t\t\t\t<div class=\"elementor-column elementor-col-100 elementor-top-column elementor-element elementor-element-ce1008d\" data-id=\"ce1008d\" data-element_type=\"column\">\n\t\t\t<div class=\"elementor-widget-wrap elementor-element-populated\">\n\t\t\t\t\t\t<div class=\"elementor-element elementor-element-c89ef33 elementor-widget elementor-widget-heading\" data-id=\"c89ef33\" data-element_type=\"widget\" data-widget_type=\"heading.default\">\n\t\t\t\t\t<p class=\"elementor-heading-title elementor-size-default\">Zajmujemy si\u0119 r\u00f3wnie\u017c produkcj\u0105 gad\u017cet\u00f3w tekstylnych, takich jak szarfy reklamowe, skarpetki z nadrukiem, r\u0119czniki, opaski oraz wiele innych wyrob\u00f3w promocyjnych. Do nanoszenia identyfikacji wykorzystujemy trwa\u0142e techniki: haft, termotransfer, sublimacj\u0119 czy sitodruk, gwarantuj\u0105c wysok\u0105 jako\u015b\u0107 i odporno\u015b\u0107 wzor\u00f3w nawet przy intensywnym u\u017cytkowaniu.<\/p>\t\t\t\t<\/div>\n\t\t\t\t\t<\/div>\n\t\t<\/div>\n\t\t\t\t\t<\/div>\n\t\t<\/section>\n\t\t\t\t<section class=\"elementor-section elementor-top-section elementor-element elementor-element-af87b43 elementor-section-boxed elementor-section-height-default elementor-section-height-default\" data-id=\"af87b43\" data-element_type=\"section\">\n\t\t\t\t\t\t<div class=\"elementor-container elementor-column-gap-extended\">\n\t\t\t\t\t<div class=\"elementor-column elementor-col-50 elementor-top-column elementor-element elementor-element-b126c9c\" data-id=\"b126c9c\" data-element_type=\"column\">\n\t\t\t<div class=\"elementor-widget-wrap elementor-element-populated\">\n\t\t\t\t\t\t<div class=\"elementor-element elementor-element-343114d elementor-widget elementor-widget-image\" data-id=\"343114d\" data-element_type=\"widget\" data-widget_type=\"image.default\">\n\t\t\t\t\t\t\t\t\t\t\t\t\t\t\t<img decoding=\"async\" src=\"https:\/\/czemunie24.com\/wp-content\/uploads\/2025\/10\/koszulki1i2.jpg\" title=\"koszulki1i2\" alt=\"koszulki1i2\" loading=\"lazy\" \/>\t\t\t\t\t\t\t\t\t\t\t\t\t\t\t<\/div>\n\t\t\t\t<div class=\"elementor-element elementor-element-abb7a48 elementor-widget elementor-widget-partdo-icon-list\" data-id=\"abb7a48\" data-element_type=\"widget\" data-widget_type=\"partdo-icon-list.default\">\n\t\t\t\t<div class=\"elementor-widget-container\">\n\t\t\t\t\t<div class=\"widget widget_iconbox\"><div class=\"widget-body\"><ul class=\"iconboxes\"><li class=\"iconbox\"><div class=\"iconbox-icon\"><i aria-hidden=\"false\" class=\"fas fa-arrow-alt-circle-right\"><\/i><\/div><div class=\"iconbox-detail\"><h3 class=\"entry-title\">100% Polska produkcja <\/h3><div class=\"entry-description\"> <p>gwarantujemy doskona\u0142y stosunek jako\u015bci do ceny.<\/p><\/div><\/div><\/li><li class=\"iconbox\"><div class=\"iconbox-icon\"><i aria-hidden=\"false\" class=\"fas fa-arrow-alt-circle-right\"><\/i><\/div><div class=\"iconbox-detail\"><h3 class=\"entry-title\">Kompleksowa i szybka realizacja<\/h3><div class=\"entry-description\"> <p>elastyczna obs\u0142uga i pe\u0142ne doradztwo na ka\u017cdym etapie.<\/p><\/div><\/div><\/li><li class=\"iconbox\"><div class=\"iconbox-icon\"><i aria-hidden=\"false\" class=\"fas fa-arrow-alt-circle-right\"><\/i><\/div><div class=\"iconbox-detail\"><h3 class=\"entry-title\">Szybkie terminy realizacji <\/h3><div class=\"entry-description\"> <p>oferujemy realizacj\u0119 w trybie standardowym oraz w trybie Express, nawet w 24-48 godzin.<\/p><\/div><\/div><\/li><li class=\"iconbox\"><div class=\"iconbox-icon\"><i aria-hidden=\"false\" class=\"fas fa-arrow-alt-circle-right\"><\/i><\/div><div class=\"iconbox-detail\"><h3 class=\"entry-title\">Szybka wycena<\/h3><div class=\"entry-description\"> <p>nawet w dniu zapytania.<\/p><\/div><\/div><\/li><li class=\"iconbox\"><div class=\"iconbox-icon\"><i aria-hidden=\"false\" class=\"fas fa-arrow-alt-circle-right\"><\/i><\/div><div class=\"iconbox-detail\"><h3 class=\"entry-title\">Indywidualne podej\u015bcie<\/h3><div class=\"entry-description\"> <p>nasz\u0105 si\u0142\u0105 jest zesp\u00f3\u0142 ekspert\u00f3w, kt\u00f3rzy dbaj\u0105 o najwy\u017cszy poziom obs\u0142ugi klienta krajowego i zagranicznego.<\/p><\/div><\/div><\/li><\/ul><!-- iconboxes --><\/div><!-- widget-body --><\/div>\t\t\t\t<\/div>\n\t\t\t\t<\/div>\n\t\t\t\t\t<\/div>\n\t\t<\/div>\n\t\t\t\t<div class=\"elementor-column elementor-col-50 elementor-top-column elementor-element elementor-element-8eb22a6\" data-id=\"8eb22a6\" data-element_type=\"column\">\n\t\t\t<div class=\"elementor-widget-wrap elementor-element-populated\">\n\t\t\t\t\t\t<div class=\"elementor-element elementor-element-ac74e94 elementor-widget elementor-widget-heading\" data-id=\"ac74e94\" data-element_type=\"widget\" data-widget_type=\"heading.default\">\n\t\t\t\t\t<p class=\"elementor-heading-title elementor-size-default\">Ka\u017cde zam\u00f3wienie traktujemy indywidualnie, oferuj\u0105c kompleksowe doradztwo od etapu projektowania graficznego po finaln\u0105 realizacj\u0119 produktu. Zapewniamy szybk\u0105 i sprawn\u0105 obs\u0142ug\u0119, konkurencyjne ceny oraz ekspresowe terminy realizacji, dzi\u0119ki zoptymalizowanym procesom produkcyjnym. Do\u0142\u0105cz do grona naszych zadowolonych klient\u00f3w i pozw\u00f3l nam wykreowa\u0107 reklam\u0119 Twojej marki na najwy\u017cszym poziomie.<\/p>\t\t\t\t<\/div>\n\t\t\t\t<div class=\"elementor-element elementor-element-9479c7e elementor-widget elementor-widget-heading\" data-id=\"9479c7e\" data-element_type=\"widget\" data-widget_type=\"heading.default\">\n\t\t\t\t\t<p class=\"elementor-heading-title elementor-size-default\">Posiadamy nowoczesny i rozbudowany park maszynowy oraz w\u0142asn\u0105 szwalni\u0119, co pozwala na pe\u0142n\u0105 kontrol\u0119 nad procesem produkcyjnym \u2013 od projektu graficznego, a\u017c po dostaw\u0119. Nasze zaawansowane technologie umo\u017cliwiaj\u0105 realizacj\u0119 praktycznie ka\u017cdego zlecenia obejmuj\u0105cego nadruk (w tym zaawansowany druk cyfrowy i sublimacyjny) oraz precyzyjny grawer na wybranych materia\u0142ach i gad\u017cetach.<\/p>\t\t\t\t<\/div>\n\t\t\t\t<div class=\"elementor-element elementor-element-1dce11e elementor-widget elementor-widget-image\" data-id=\"1dce11e\" data-element_type=\"widget\" data-widget_type=\"image.default\">\n\t\t\t\t\t\t\t\t\t\t\t\t\t\t\t<img decoding=\"async\" src=\"https:\/\/czemunie24.com\/wp-content\/uploads\/2022\/10\/podkladka-zaokraglona2-scaled.jpg\" title=\"podkladka-zaokraglona2\" alt=\"podkladka-zaokraglona2\" loading=\"lazy\" \/>\t\t\t\t\t\t\t\t\t\t\t\t\t\t\t<\/div>\n\t\t\t\t\t<\/div>\n\t\t<\/div>\n\t\t\t\t\t<\/div>\n\t\t<\/section>\n\t\t\t\t<section class=\"elementor-section elementor-top-section elementor-element elementor-element-9fe7a65 elementor-section-boxed elementor-section-height-default elementor-section-height-default\" data-id=\"9fe7a65\" data-element_type=\"section\">\n\t\t\t\t\t\t<div class=\"elementor-container elementor-column-gap-extended\">\n\t\t\t\t\t<div class=\"elementor-column elementor-col-100 elementor-top-column elementor-element elementor-element-d4a1973\" data-id=\"d4a1973\" data-element_type=\"column\">\n\t\t\t<div class=\"elementor-widget-wrap elementor-element-populated\">\n\t\t\t\t\t\t<div class=\"elementor-element elementor-element-1c17b18 elementor-widget-divider--view-line elementor-widget elementor-widget-divider\" data-id=\"1c17b18\" data-element_type=\"widget\" data-widget_type=\"divider.default\">\n\t\t\t\t\t\t\t<div class=\"elementor-divider\">\n\t\t\t<span class=\"elementor-divider-separator\">\n\t\t\t\t\t\t<\/span>\n\t\t<\/div>\n\t\t\t\t\t\t<\/div>\n\t\t\t\t\t<\/div>\n\t\t<\/div>\n\t\t\t\t\t<\/div>\n\t\t<\/section>\n\t\t\t\t<\/div>\n\t\t","protected":false},"excerpt":{"rendered":"<p>CzemuNie24.com Producent smyczy i akcesori\u00f3w reklamowych. Nasza firma od lat specjalizuje si\u0119 w kompleksowej produkcji akcesori\u00f3w reklamowych, oferuj\u0105c szeroki wachlarz wyrob\u00f3w dostosowanych do indywidualnych potrzeb klient\u00f3w. Posiadamy w\u0142asne, nowoczesne zaplecze produkcyjne oraz wykwalifikowany zesp\u00f3\u0142, kt\u00f3ry dba o najwy\u017csz\u0105 jako\u015b\u0107 ka\u017cdego realizowanego zam\u00f3wienia. Do naszych flagowych produkt\u00f3w nale\u017c\u0105 smycze reklamowe \u2013 wykonujemy je zar\u00f3wno metod\u0105 druku<\/p>\n<div class=\"klb-readmore button\"><a class=\"btn link\" href=\"https:\/\/czemunie24.com\/?page_id=2349&#038;lang=pl\">Read More <i class=\"klbth-icon-right-arrow\"><\/i><\/a><\/div>\n","protected":false},"author":1,"featured_media":0,"parent":0,"menu_order":0,"comment_status":"closed","ping_status":"closed","template":"","meta":{"footnotes":""},"class_list":["post-2349","page","type-page","status-publish","hentry"],"lang":"pl","translations":{"pl":2349,"en":5314},"pll_sync_post":[],"_links":{"self":[{"href":"https:\/\/czemunie24.com\/index.php?rest_route=\/wp\/v2\/pages\/2349","targetHints":{"allow":["GET"]}}],"collection":[{"href":"https:\/\/czemunie24.com\/index.php?rest_route=\/wp\/v2\/pages"}],"about":[{"href":"https:\/\/czemunie24.com\/index.php?rest_route=\/wp\/v2\/types\/page"}],"author":[{"embeddable":true,"href":"https:\/\/czemunie24.com\/index.php?rest_route=\/wp\/v2\/users\/1"}],"replies":[{"embeddable":true,"href":"https:\/\/czemunie24.com\/index.php?rest_route=%2Fwp%2Fv2%2Fcomments&post=2349"}],"version-history":[{"count":12,"href":"https:\/\/czemunie24.com\/index.php?rest_route=\/wp\/v2\/pages\/2349\/revisions"}],"predecessor-version":[{"id":5453,"href":"https:\/\/czemunie24.com\/index.php?rest_route=\/wp\/v2\/pages\/2349\/revisions\/5453"}],"wp:attachment":[{"href":"https:\/\/czemunie24.com\/index.php?rest_route=%2Fwp%2Fv2%2Fmedia&parent=2349"}],"curies":[{"name":"wp","href":"https:\/\/api.w.org\/{rel}","templated":true}]}}