{"id":5098,"date":"2025-11-14T16:51:20","date_gmt":"2025-11-14T15:51:20","guid":{"rendered":"https:\/\/czemunie24.com\/?page_id=5098"},"modified":"2025-11-19T00:56:40","modified_gmt":"2025-11-18T23:56:40","slug":"contact","status":"publish","type":"page","link":"https:\/\/czemunie24.com\/?page_id=5098&lang=en","title":{"rendered":"Contact"},"content":{"rendered":"\t\t<div data-elementor-type=\"wp-page\" data-elementor-id=\"5098\" class=\"elementor elementor-5098\" data-elementor-post-type=\"page\">\n\t\t\t\t\t\t<section class=\"elementor-section elementor-top-section elementor-element elementor-element-ecb62ad elementor-section-boxed elementor-section-height-default elementor-section-height-default\" data-id=\"ecb62ad\" data-element_type=\"section\">\n\t\t\t\t\t\t<div class=\"elementor-container elementor-column-gap-extended\">\n\t\t\t\t\t<div class=\"elementor-column elementor-col-100 elementor-top-column elementor-element elementor-element-d8c99b1\" data-id=\"d8c99b1\" data-element_type=\"column\">\n\t\t\t<div class=\"elementor-widget-wrap elementor-element-populated\">\n\t\t\t\t\t\t<div class=\"elementor-element elementor-element-52ed99f elementor-widget elementor-widget-partdo-breadcrumb\" data-id=\"52ed99f\" data-element_type=\"widget\" data-widget_type=\"partdo-breadcrumb.default\">\n\t\t\t\t<div class=\"elementor-widget-container\">\n\t\t\t\t\t<nav class=\"site-breadcrumb\"><ul><li><a  href=\"https:\/\/czemunie24.com\" title=\"Home\" rel=\"bookmark\">Home<\/a> <\/li>  <\/ul><\/nav>\t\t\t\t<\/div>\n\t\t\t\t<\/div>\n\t\t\t\t\t<\/div>\n\t\t<\/div>\n\t\t\t\t\t<\/div>\n\t\t<\/section>\n\t\t\t\t<section class=\"elementor-section elementor-top-section elementor-element elementor-element-c985278 elementor-section-boxed elementor-section-height-default elementor-section-height-default\" data-id=\"c985278\" data-element_type=\"section\">\n\t\t\t\t\t\t<div class=\"elementor-container elementor-column-gap-extended\">\n\t\t\t\t\t<div class=\"elementor-column elementor-col-50 elementor-top-column elementor-element elementor-element-31bd2c9\" data-id=\"31bd2c9\" data-element_type=\"column\">\n\t\t\t<div class=\"elementor-widget-wrap elementor-element-populated\">\n\t\t\t\t\t\t<div class=\"elementor-element elementor-element-1196440 elementor-widget elementor-widget-heading\" data-id=\"1196440\" data-element_type=\"widget\" data-widget_type=\"heading.default\">\n\t\t\t\t\t<h3 class=\"elementor-heading-title elementor-size-default\">We are at your service.\n<\/h3>\t\t\t\t<\/div>\n\t\t\t\t<div class=\"elementor-element elementor-element-9ba4378 elementor-widget elementor-widget-heading\" data-id=\"9ba4378\" data-element_type=\"widget\" data-widget_type=\"heading.default\">\n\t\t\t\t\t<p class=\"elementor-heading-title elementor-size-default\">If you have any questions, please do not hesitate to contact us:<\/p>\t\t\t\t<\/div>\n\t\t\t\t<section class=\"elementor-section elementor-inner-section elementor-element elementor-element-d85de50 elementor-section-boxed elementor-section-height-default elementor-section-height-default\" data-id=\"d85de50\" data-element_type=\"section\">\n\t\t\t\t\t\t<div class=\"elementor-container elementor-column-gap-no\">\n\t\t\t\t\t<div class=\"elementor-column elementor-col-50 elementor-inner-column elementor-element elementor-element-ee40bbc\" data-id=\"ee40bbc\" data-element_type=\"column\">\n\t\t\t<div class=\"elementor-widget-wrap elementor-element-populated\">\n\t\t\t\t\t\t<div class=\"elementor-element elementor-element-ae9f8fb elementor-widget elementor-widget-partdo-address-box\" data-id=\"ae9f8fb\" data-element_type=\"widget\" data-widget_type=\"partdo-address-box.default\">\n\t\t\t\t<div class=\"elementor-widget-container\">\n\t\t\t\t\t<div class=\"contact-addresses\"><div class=\"address-item\"> <span><\/span><div class=\"address-detail\"> 95-020 Jan\u00f3wka <br \/> ul Bor\u00f3wkowa 16<\/div><\/div><\/div>\t\t\t\t<\/div>\n\t\t\t\t<\/div>\n\t\t\t\t<div class=\"elementor-element elementor-element-1bebcf9 elementor-widget elementor-widget-partdo-contact-icon-box\" data-id=\"1bebcf9\" data-element_type=\"widget\" data-widget_type=\"partdo-contact-icon-box.default\">\n\t\t\t\t<div class=\"elementor-widget-container\">\n\t\t\t\t\t<div class=\"contact-iconboxes\"><div class=\"iconbox\"><div class=\"icon\"> <i aria-hidden=\"false\" class=\"fas fa-phone-alt\"><\/i><\/div><div class=\"detail\"> <span>Phone<\/span><p><p>+48 <span class=\"contact-line c2\"> 606-717-722<\/span><\/p><\/p><\/div><\/div><\/div>\t\t\t\t<\/div>\n\t\t\t\t<\/div>\n\t\t\t\t<div class=\"elementor-element elementor-element-ca339fe elementor-widget elementor-widget-partdo-contact-icon-box\" data-id=\"ca339fe\" data-element_type=\"widget\" data-widget_type=\"partdo-contact-icon-box.default\">\n\t\t\t\t<div class=\"elementor-widget-container\">\n\t\t\t\t\t<div class=\"contact-iconboxes\"><div class=\"iconbox\"><div class=\"icon\"> <i aria-hidden=\"false\" class=\"fas fa-phone-alt\"><\/i><\/div><div class=\"detail\"> <span>Pnone<\/span><p><p>+48 604-055-603<\/p><\/p><\/div><\/div><\/div>\t\t\t\t<\/div>\n\t\t\t\t<\/div>\n\t\t\t\t<div class=\"elementor-element elementor-element-7bcbc4b elementor-widget elementor-widget-partdo-contact-icon-box\" data-id=\"7bcbc4b\" data-element_type=\"widget\" data-widget_type=\"partdo-contact-icon-box.default\">\n\t\t\t\t<div class=\"elementor-widget-container\">\n\t\t\t\t\t<div class=\"contact-iconboxes\"><div class=\"iconbox\"><div class=\"icon\"> <i aria-hidden=\"false\" class=\"fas fa-phone-alt\"><\/i><\/div><div class=\"detail\"> <span>Phone (english)<\/span><p><p>+48 884-193-970<\/p><\/p><\/div><\/div><\/div>\t\t\t\t<\/div>\n\t\t\t\t<\/div>\n\t\t\t\t\t<\/div>\n\t\t<\/div>\n\t\t\t\t<div class=\"elementor-column elementor-col-50 elementor-inner-column elementor-element elementor-element-b985dcb\" data-id=\"b985dcb\" data-element_type=\"column\">\n\t\t\t<div class=\"elementor-widget-wrap elementor-element-populated\">\n\t\t\t\t\t\t<div class=\"elementor-element elementor-element-dbf8a33 elementor-widget elementor-widget-partdo-address-box\" data-id=\"dbf8a33\" data-element_type=\"widget\" data-widget_type=\"partdo-address-box.default\">\n\t\t\t\t<div class=\"elementor-widget-container\">\n\t\t\t\t\t<div class=\"contact-addresses\"><div class=\"address-item\"> <span><\/span><div class=\"address-detail\"> NIP: 728-219-12-26 <br \/>\nREGON: 472963589 \n<\/div><\/div><\/div>\t\t\t\t<\/div>\n\t\t\t\t<\/div>\n\t\t\t\t<div class=\"elementor-element elementor-element-82efcda elementor-widget elementor-widget-partdo-contact-icon-box\" data-id=\"82efcda\" data-element_type=\"widget\" data-widget_type=\"partdo-contact-icon-box.default\">\n\t\t\t\t<div class=\"elementor-widget-container\">\n\t\t\t\t\t<div class=\"contact-iconboxes\"><div class=\"iconbox\"><div class=\"icon\"> <i class=\"klbth-icon-envelope-filled\"><\/i><\/div><div class=\"detail\"> <span>Adres email\n<\/span><p><p><a href=\"mailto:kontakt@czemunie24.com\">kontakt@czemunie24.com<\/a><\/p><\/p><\/div><\/div><\/div>\t\t\t\t<\/div>\n\t\t\t\t<\/div>\n\t\t\t\t\t<\/div>\n\t\t<\/div>\n\t\t\t\t\t<\/div>\n\t\t<\/section>\n\t\t\t\t<div class=\"elementor-element elementor-element-8036de2 elementor-widget elementor-widget-heading\" data-id=\"8036de2\" data-element_type=\"widget\" data-widget_type=\"heading.default\">\n\t\t\t\t\t<h3 class=\"elementor-heading-title elementor-size-default\">\n\n\n\n\n\n\n<\/h3>\t\t\t\t<\/div>\n\t\t\t\t\t<\/div>\n\t\t<\/div>\n\t\t\t\t<div class=\"elementor-column elementor-col-50 elementor-top-column elementor-element elementor-element-d4b1c9c\" data-id=\"d4b1c9c\" data-element_type=\"column\">\n\t\t\t<div class=\"elementor-widget-wrap elementor-element-populated\">\n\t\t\t\t\t\t<div class=\"elementor-element elementor-element-5270c19 elementor-widget elementor-widget-google_maps\" data-id=\"5270c19\" data-element_type=\"widget\" data-widget_type=\"google_maps.default\">\n\t\t\t\t\t\t\t<div class=\"elementor-custom-embed\">\n\t\t\t<iframe loading=\"lazy\"\n\t\t\t\t\tsrc=\"https:\/\/maps.google.com\/maps?q=95-020%20Jan%C3%B3wka%2C%20ul%20Bor%C3%B3wkowa%2016&#038;t=m&#038;z=14&#038;output=embed&#038;iwloc=near\"\n\t\t\t\t\ttitle=\"95-020 Jan\u00f3wka, ul Bor\u00f3wkowa 16\"\n\t\t\t\t\taria-label=\"95-020 Jan\u00f3wka, ul Bor\u00f3wkowa 16\"\n\t\t\t><\/iframe>\n\t\t<\/div>\n\t\t\t\t\t\t<\/div>\n\t\t\t\t\t<\/div>\n\t\t<\/div>\n\t\t\t\t\t<\/div>\n\t\t<\/section>\n\t\t<div class=\"elementor-element elementor-element-a2f6c69 e-flex e-con-boxed e-con e-parent\" data-id=\"a2f6c69\" data-element_type=\"container\">\n\t\t\t\t\t<div class=\"e-con-inner\">\n\t\t\t\t<div class=\"elementor-element elementor-element-a1f886e elementor-widget elementor-widget-wpforms\" data-id=\"a1f886e\" data-element_type=\"widget\" data-widget_type=\"wpforms.default\">\n\t\t\t\t<div class=\"elementor-widget-container\">\n\t\t\t\t\t<style id=\"wpforms-css-vars-elementor-widget-a1f886e\">\n\t\t\t\t.elementor-widget-wpforms.elementor-element-a1f886e {\n\t\t\t\t--wpforms-field-border-radius: 6px;\n--wpforms-field-border-color: #D2D2D2;\n--wpforms-field-border-color-spare: #D2D2D2;\n--wpforms-field-text-color: #6A6A6A;\n--wpforms-label-color: #000000;\n--wpforms-label-sublabel-color: #6A6A6A;\n--wpforms-label-error-color: #D80F0F;\n--wpforms-button-border-radius: 6px;\n--wpforms-button-background-color: #3961FF;\n--wpforms-button-border-color: #3961FF;\n--wpforms-button-text-color: #FFFFFF;\n--wpforms-container-padding: 40px;\n--wpforms-container-border-style: solid;\n--wpforms-container-border-width: 10px;\n--wpforms-container-border-radius: 12px;\n--wpforms-container-border-color: #ffffff;\n--wpforms-background-image: stock;\n--wpforms-background-position: bottom center;\n--wpforms-background-color: #f8f8f8;\n--wpforms-page-break-color: #3961FF;\n--wpforms-container-shadow-size-box-shadow: 0px 30px 50px -10px rgba(0, 0, 0, 0.15);\n\t\t\t}\n\t\t\t<\/style><div class=\"wpforms-container wpforms-container-full wpforms-render-modern\" id=\"wpforms-5396\"><form id=\"wpforms-form-5396\" class=\"wpforms-validate wpforms-form wpforms-ajax-form\" data-formid=\"5396\" method=\"post\" enctype=\"multipart\/form-data\" action=\"\/index.php?rest_route=%2Fwp%2Fv2%2Fpages%2F5098\" data-token=\"08ddac2b85c1d6f3d7e2a71ef0c79ec8\" data-token-time=\"1775404088\"><noscript class=\"wpforms-error-noscript\">Aby wype\u0142ni\u0107 ten formularz, w\u0142\u0105cz obs\u0142ug\u0119 JavaScript w przegl\u0105darce.<\/noscript><div id=\"wpforms-error-noscript\" style=\"display: none;\">Aby wype\u0142ni\u0107 ten formularz, w\u0142\u0105cz obs\u0142ug\u0119 JavaScript w przegl\u0105darce.<\/div><div class=\"wpforms-field-container\"><div id=\"wpforms-5396-field_0-container\" class=\"wpforms-field wpforms-field-name\" data-field-id=\"0\"><label class=\"wpforms-field-label\" for=\"wpforms-5396-field_0\">Name or company name <span class=\"wpforms-required-label\" aria-hidden=\"true\">*<\/span><\/label><input type=\"text\" id=\"wpforms-5396-field_0\" class=\"wpforms-field-medium wpforms-field-required\" name=\"wpforms[fields][0]\" aria-errormessage=\"wpforms-5396-field_0-error\" required><\/div><div id=\"wpforms-5396-field_1-container\" class=\"wpforms-field wpforms-field-email\" data-field-id=\"1\"><label class=\"wpforms-field-label\" for=\"wpforms-5396-field_1\">Email <span class=\"wpforms-required-label\" aria-hidden=\"true\">*<\/span><\/label><input type=\"email\" id=\"wpforms-5396-field_1\" class=\"wpforms-field-medium wpforms-field-required\" name=\"wpforms[fields][1]\" spellcheck=\"false\" aria-errormessage=\"wpforms-5396-field_1-error\" required><\/div><div id=\"wpforms-5396-field_5-container\" class=\"wpforms-field wpforms-field-phone\" data-field-id=\"5\"><label class=\"wpforms-field-label\" for=\"wpforms-5396-field_5\">Phone<\/label><input type=\"tel\" id=\"wpforms-5396-field_5\" class=\"wpforms-field-medium\" data-rule-int-phone-field=\"true\" name=\"wpforms[fields][5]\" aria-label=\"Phone\" aria-errormessage=\"wpforms-5396-field_5-error\" ><\/div>\t\t<div id=\"wpforms-5396-field_4-container\"\n\t\t\tclass=\"wpforms-field wpforms-field-text\"\n\t\t\tdata-field-type=\"text\"\n\t\t\tdata-field-id=\"4\"\n\t\t\t>\n\t\t\t<label class=\"wpforms-field-label\" for=\"wpforms-5396-field_4\" >or or company<\/label>\n\t\t\t<input type=\"text\" id=\"wpforms-5396-field_4\" class=\"wpforms-field-medium\" name=\"wpforms[fields][4]\" >\n\t\t<\/div>\n\t\t<div id=\"wpforms-5396-field_2-container\" class=\"wpforms-field wpforms-field-textarea\" data-field-id=\"2\"><label class=\"wpforms-field-label\" for=\"wpforms-5396-field_2\">Comment or Message <span class=\"wpforms-required-label\" aria-hidden=\"true\">*<\/span><\/label><textarea id=\"wpforms-5396-field_2\" class=\"wpforms-field-medium wpforms-field-required\" name=\"wpforms[fields][2]\" aria-errormessage=\"wpforms-5396-field_2-error\" required><\/textarea><\/div><div id=\"wpforms-5396-field_3-container\" class=\"wpforms-field wpforms-field-checkbox\" data-field-id=\"3\"><fieldset><legend class=\"wpforms-field-label\">Terms of Service <span class=\"wpforms-required-label\" aria-hidden=\"true\">*<\/span><\/legend><ul id=\"wpforms-5396-field_3\" class=\"wpforms-field-required\"><li class=\"choice-1 depth-1\"><input type=\"checkbox\" id=\"wpforms-5396-field_3_1\" name=\"wpforms[fields][3][]\" value=\"I accept the terms of service below\" aria-errormessage=\"wpforms-5396-field_3_1-error\" aria-describedby=\"wpforms-5396-field_3-description\" required ><label class=\"wpforms-field-label-inline\" for=\"wpforms-5396-field_3_1\">I accept the terms of service below<\/label><\/li><\/ul><div id=\"wpforms-5396-field_3-description\" class=\"wpforms-field-description wpforms-disclaimer-description\">I consent to the processing of my personal data by CZEMU NIE 24 Piotr Wo\u017aniak, operating at the following address: 95-020 Jan\u00f3wka, ul. Bor\u00f3wkowa 16, with tax identification number (NIP): 7282191226, for the purposes of contact, sending offers or fulfilling orders. The administrator of your personal data is CZEMU NIE 24 Piotr Wo\u017aniak, tel: +48 606-717-722, e-mail: kontakt@czemunie24.com. Your data will be processed for the purpose of handling your enquiry and for as long as necessary to handle that enquiry. You have the right to access your data, rectify it, delete it, restrict its processing, object to its processing and transfer it. You may also lodge a complaint with a supervisory authority. Providing data is voluntary, but necessary to handle your enquiry. Legal basis: processing is necessary to take action at the request of the data subject prior to entering into a contract. <\/div><\/fieldset><\/div><script>\n\t\t\t\t( function() {\n\t\t\t\t\tconst style = document.createElement( 'style' );\n\t\t\t\t\tstyle.appendChild( document.createTextNode( '#wpforms-5396-field_4-container { position: absolute !important; overflow: hidden !important; display: inline !important; height: 1px !important; width: 1px !important; z-index: -1000 !important; padding: 0 !important; } #wpforms-5396-field_4-container input { visibility: hidden; } #wpforms-conversational-form-page #wpforms-5396-field_4-container label { counter-increment: none; }' ) );\n\t\t\t\t\tdocument.head.appendChild( style );\n\t\t\t\t\tdocument.currentScript?.remove();\n\t\t\t\t} )();\n\t\t\t<\/script><\/div><!-- .wpforms-field-container --><div class=\"wpforms-submit-container\" ><input type=\"hidden\" name=\"wpforms[id]\" value=\"5396\"><input type=\"hidden\" name=\"page_title\" value=\"\"><input type=\"hidden\" name=\"page_url\" value=\"https:\/\/czemunie24.com\/index.php?rest_route=\/wp\/v2\/pages\/5098\"><input type=\"hidden\" name=\"url_referer\" value=\"\"><button type=\"submit\" name=\"wpforms[submit]\" id=\"wpforms-submit-5396\" class=\"wpforms-submit\" data-alt-text=\"Sending...\" data-submit-text=\"Submit\" aria-live=\"assertive\" value=\"wpforms-submit\">Submit<\/button><img decoding=\"async\" src=\"https:\/\/czemunie24.com\/wp-content\/plugins\/wpforms\/assets\/images\/submit-spin.svg\" class=\"wpforms-submit-spinner\" style=\"display: none;\" width=\"26\" height=\"26\" alt=\"Wczytywanie\"><\/div><\/form><\/div>  <!-- .wpforms-container -->\t\t\t\t<\/div>\n\t\t\t\t<\/div>\n\t\t\t\t\t<\/div>\n\t\t\t\t<\/div>\n\t\t\t\t<\/div>\n\t\t","protected":false},"excerpt":{"rendered":"<p>Home We are at your service. If you have any questions, please do not hesitate to contact us: 95-020 Jan\u00f3wka ul Bor\u00f3wkowa 16 Phone +48 606-717-722 Pnone +48 604-055-603 Phone (english) +48 884-193-970 NIP: 728-219-12-26 REGON: 472963589 Adres email kontakt@czemunie24.com Please enable JavaScript in your browser to complete this form.Please enable JavaScript in your browser<\/p>\n<div class=\"klb-readmore button\"><a class=\"btn link\" href=\"https:\/\/czemunie24.com\/?page_id=5098&#038;lang=en\">Read More <i class=\"klbth-icon-right-arrow\"><\/i><\/a><\/div>\n","protected":false},"author":1,"featured_media":0,"parent":0,"menu_order":0,"comment_status":"closed","ping_status":"closed","template":"","meta":{"footnotes":""},"class_list":["post-5098","page","type-page","status-publish","hentry"],"lang":"en","translations":{"en":5098,"pl":2144},"pll_sync_post":[],"_links":{"self":[{"href":"https:\/\/czemunie24.com\/index.php?rest_route=\/wp\/v2\/pages\/5098","targetHints":{"allow":["GET"]}}],"collection":[{"href":"https:\/\/czemunie24.com\/index.php?rest_route=\/wp\/v2\/pages"}],"about":[{"href":"https:\/\/czemunie24.com\/index.php?rest_route=\/wp\/v2\/types\/page"}],"author":[{"embeddable":true,"href":"https:\/\/czemunie24.com\/index.php?rest_route=\/wp\/v2\/users\/1"}],"replies":[{"embeddable":true,"href":"https:\/\/czemunie24.com\/index.php?rest_route=%2Fwp%2Fv2%2Fcomments&post=5098"}],"version-history":[{"count":55,"href":"https:\/\/czemunie24.com\/index.php?rest_route=\/wp\/v2\/pages\/5098\/revisions"}],"predecessor-version":[{"id":5435,"href":"https:\/\/czemunie24.com\/index.php?rest_route=\/wp\/v2\/pages\/5098\/revisions\/5435"}],"wp:attachment":[{"href":"https:\/\/czemunie24.com\/index.php?rest_route=%2Fwp%2Fv2%2Fmedia&parent=5098"}],"curies":[{"name":"wp","href":"https:\/\/api.w.org\/{rel}","templated":true}]}}