{"id":5314,"date":"2025-11-18T23:06:44","date_gmt":"2025-11-18T22:06:44","guid":{"rendered":"https:\/\/czemunie24.com\/?page_id=5314"},"modified":"2025-11-18T23:13:09","modified_gmt":"2025-11-18T22:13:09","slug":"about-us","status":"publish","type":"page","link":"https:\/\/czemunie24.com\/?page_id=5314&lang=en","title":{"rendered":"About us"},"content":{"rendered":"\t\t<div data-elementor-type=\"wp-page\" data-elementor-id=\"5314\" class=\"elementor elementor-5314\" data-elementor-post-type=\"page\">\n\t\t\t\t\t\t<section class=\"elementor-section elementor-top-section elementor-element elementor-element-be2ed4a elementor-section-full_width elementor-section-height-default elementor-section-height-default\" data-id=\"be2ed4a\" data-element_type=\"section\">\n\t\t\t\t\t\t<div class=\"elementor-container elementor-column-gap-no\">\n\t\t\t\t\t<div class=\"elementor-column elementor-col-100 elementor-top-column elementor-element elementor-element-fdb95ef\" data-id=\"fdb95ef\" data-element_type=\"column\">\n\t\t\t<div class=\"elementor-widget-wrap elementor-element-populated\">\n\t\t\t\t\t\t<div class=\"elementor-element elementor-element-af29231 elementor-widget elementor-widget-partdo-page-banner\" data-id=\"af29231\" data-element_type=\"widget\" data-widget_type=\"partdo-page-banner.default\">\n\t\t\t\t<div class=\"elementor-widget-container\">\n\t\t\t\t\t<div class=\"entry-page-header\"><div class=\"container\"><div class=\"page-header-content\"><h1 class=\"entry-title\">CzemuNie24.pl<\/h1><div class=\"entry-description\"> <p>Producent smyczy i akcesori\u00f3w reklamowych.<\/p><\/div><\/div><\/div><div class=\"entry-image\"> <img decoding=\"async\" src=\"https:\/\/czemunie24.com\/wp-content\/plugins\/partdo-core\/elementor\/images\/image-01.jpg\"><\/div><\/div>\t\t\t\t<\/div>\n\t\t\t\t<\/div>\n\t\t\t\t\t<\/div>\n\t\t<\/div>\n\t\t\t\t\t<\/div>\n\t\t<\/section>\n\t\t\t\t<section class=\"elementor-section elementor-top-section elementor-element elementor-element-7b0e655 elementor-section-boxed elementor-section-height-default elementor-section-height-default\" data-id=\"7b0e655\" data-element_type=\"section\">\n\t\t\t\t\t\t<div class=\"elementor-container elementor-column-gap-extended\">\n\t\t\t\t\t<div class=\"elementor-column elementor-col-100 elementor-top-column elementor-element elementor-element-6aaf18b white-box\" data-id=\"6aaf18b\" data-element_type=\"column\">\n\t\t\t<div class=\"elementor-widget-wrap elementor-element-populated\">\n\t\t\t\t\t\t<div class=\"elementor-element elementor-element-b67e798 elementor-widget elementor-widget-heading\" data-id=\"b67e798\" data-element_type=\"widget\" data-widget_type=\"heading.default\">\n\t\t\t\t\t<p class=\"elementor-heading-title elementor-size-default\">\n\nOur company has specialised in the comprehensive production of advertising accessories for many years, offering a wide range of products tailored to the individual needs of our customers. We have our own modern production facilities and a qualified team that ensures the highest quality of every order. Our flagship products include advertising lanyards \u2013 we produce them using sublimation printing, screen printing and advanced embroidery. Lanyards are available in many variants: polyester, nylon, cotton, with a wide range of accessories such as carabiners, buckles and handles. Each lanyard can be fully personalised, and the prints are durable and colourful.\n\n\n<\/p>\t\t\t\t<\/div>\n\t\t\t\t<div class=\"elementor-element elementor-element-ac66458 elementor-widget elementor-widget-heading\" data-id=\"ac66458\" data-element_type=\"widget\" data-widget_type=\"heading.default\">\n\t\t\t\t\t<p class=\"elementor-heading-title elementor-size-default\">In addition to lanyards, we produce modern mouse pads, which serve not only a practical function, but also an advertising one. We offer pads with logos, promotional graphics or any design sent by the customer \u2013 models are available in PVC\/PP, rubber, silicone, fabric or gel, as well as pads with unusual shapes and functions, e.g. wrist mats or calendar pads. Thanks to UV offset printing technologies and selected materials, we ensure high abrasion resistance and long-lasting prints.<\/p>\t\t\t\t<\/div>\n\t\t\t\t\t<\/div>\n\t\t<\/div>\n\t\t\t\t\t<\/div>\n\t\t<\/section>\n\t\t\t\t<section class=\"elementor-section elementor-top-section elementor-element elementor-element-61b43c6 elementor-section-boxed elementor-section-height-default elementor-section-height-default\" data-id=\"61b43c6\" data-element_type=\"section\">\n\t\t\t\t\t\t<div class=\"elementor-container elementor-column-gap-extended\">\n\t\t\t\t\t<div class=\"elementor-column elementor-col-50 elementor-top-column elementor-element elementor-element-e3813fc\" data-id=\"e3813fc\" data-element_type=\"column\">\n\t\t\t<div class=\"elementor-widget-wrap elementor-element-populated\">\n\t\t\t\t\t\t<div class=\"elementor-element elementor-element-49728fb elementor-widget elementor-widget-image\" data-id=\"49728fb\" data-element_type=\"widget\" data-widget_type=\"image.default\">\n\t\t\t\t\t\t\t\t\t\t\t\t\t\t\t<img decoding=\"async\" src=\"https:\/\/czemunie24.com\/wp-content\/uploads\/2022\/10\/20mm-5.jpg\" title=\"20mm-5\" alt=\"20mm-5\" loading=\"lazy\" \/>\t\t\t\t\t\t\t\t\t\t\t\t\t\t\t<\/div>\n\t\t\t\t\t<\/div>\n\t\t<\/div>\n\t\t\t\t<div class=\"elementor-column elementor-col-50 elementor-top-column elementor-element elementor-element-916e7d2\" data-id=\"916e7d2\" data-element_type=\"column\">\n\t\t\t<div class=\"elementor-widget-wrap elementor-element-populated\">\n\t\t\t\t\t\t<div class=\"elementor-element elementor-element-89c6f7b elementor-widget elementor-widget-image\" data-id=\"89c6f7b\" data-element_type=\"widget\" data-widget_type=\"image.default\">\n\t\t\t\t\t\t\t\t\t\t\t\t\t\t\t<img decoding=\"async\" src=\"https:\/\/czemunie24.com\/wp-content\/uploads\/2022\/10\/kubki-22-scaled.jpg\" title=\"kubki-22\" alt=\"kubki-22\" loading=\"lazy\" \/>\t\t\t\t\t\t\t\t\t\t\t\t\t\t\t<\/div>\n\t\t\t\t<div class=\"elementor-element elementor-element-55646b2 elementor-widget elementor-widget-image\" data-id=\"55646b2\" data-element_type=\"widget\" data-widget_type=\"image.default\">\n\t\t\t\t\t\t\t\t\t\t\t\t\t\t\t<img decoding=\"async\" src=\"https:\/\/czemunie24.com\/wp-content\/uploads\/2022\/10\/kubki-29-scaled.jpg\" title=\"kubki-29\" alt=\"kubki-29\" loading=\"lazy\" \/>\t\t\t\t\t\t\t\t\t\t\t\t\t\t\t<\/div>\n\t\t\t\t\t<\/div>\n\t\t<\/div>\n\t\t\t\t\t<\/div>\n\t\t<\/section>\n\t\t\t\t<section class=\"elementor-section elementor-top-section elementor-element elementor-element-30fba08 elementor-section-boxed elementor-section-height-default elementor-section-height-default\" data-id=\"30fba08\" data-element_type=\"section\">\n\t\t\t\t\t\t<div class=\"elementor-container elementor-column-gap-extended\">\n\t\t\t\t\t<div class=\"elementor-column elementor-col-50 elementor-top-column elementor-element elementor-element-ff517c6\" data-id=\"ff517c6\" data-element_type=\"column\">\n\t\t\t<div class=\"elementor-widget-wrap elementor-element-populated\">\n\t\t\t\t\t\t<div class=\"elementor-element elementor-element-4efdcae elementor-widget elementor-widget-heading\" data-id=\"4efdcae\" data-element_type=\"widget\" data-widget_type=\"heading.default\">\n\t\t\t\t\t<span class=\"elementor-heading-title elementor-size-default\">01<\/span>\t\t\t\t<\/div>\n\t\t\t\t\t<\/div>\n\t\t<\/div>\n\t\t\t\t<div class=\"elementor-column elementor-col-50 elementor-top-column elementor-element elementor-element-1821dc8\" data-id=\"1821dc8\" data-element_type=\"column\">\n\t\t\t<div class=\"elementor-widget-wrap elementor-element-populated\">\n\t\t\t\t\t\t<div class=\"elementor-element elementor-element-7bdf8b5 elementor-widget elementor-widget-heading\" data-id=\"7bdf8b5\" data-element_type=\"widget\" data-widget_type=\"heading.default\">\n\t\t\t\t\t<span class=\"elementor-heading-title elementor-size-default\">\nCzemuNie24.com<\/span>\t\t\t\t<\/div>\n\t\t\t\t<div class=\"elementor-element elementor-element-0c6ce1f elementor-widget elementor-widget-heading\" data-id=\"0c6ce1f\" data-element_type=\"widget\" data-widget_type=\"heading.default\">\n\t\t\t\t\t<h2 class=\"elementor-heading-title elementor-size-default\">CzemuNie24.com  - more than just a manufacturer of promotional lanyards<\/h2>\t\t\t\t<\/div>\n\t\t\t\t\t<\/div>\n\t\t<\/div>\n\t\t\t\t\t<\/div>\n\t\t<\/section>\n\t\t\t\t<section class=\"elementor-section elementor-top-section elementor-element elementor-element-cc529be elementor-section-boxed elementor-section-height-default elementor-section-height-default\" data-id=\"cc529be\" data-element_type=\"section\">\n\t\t\t\t\t\t<div class=\"elementor-container elementor-column-gap-extended\">\n\t\t\t\t\t<div class=\"elementor-column elementor-col-100 elementor-top-column elementor-element elementor-element-c9a36db\" data-id=\"c9a36db\" data-element_type=\"column\">\n\t\t\t<div class=\"elementor-widget-wrap elementor-element-populated\">\n\t\t\t\t\t\t<div class=\"elementor-element elementor-element-c84cdb4 elementor-widget elementor-widget-heading\" data-id=\"c84cdb4\" data-element_type=\"widget\" data-widget_type=\"heading.default\">\n\t\t\t\t\t<p class=\"elementor-heading-title elementor-size-default\">Our offer also includes advertising bags \u2013 cotton, polyester, jute, thermal and many others. We implement projects using the latest printing techniques, such as screen printing, DTG and thermal transfer. The bags can be made in any colour, with unlimited personalisation options \u2013 company logos, advertising slogans or promotional graphics, as well as individual designs. Our bags are durable, reusable and an environmentally friendly advertising medium.<\/p>\t\t\t\t<\/div>\n\t\t\t\t\t<\/div>\n\t\t<\/div>\n\t\t\t\t\t<\/div>\n\t\t<\/section>\n\t\t\t\t<section class=\"elementor-section elementor-top-section elementor-element elementor-element-d6d9eb1 elementor-section-boxed elementor-section-height-default elementor-section-height-default\" data-id=\"d6d9eb1\" data-element_type=\"section\">\n\t\t\t\t\t\t<div class=\"elementor-container elementor-column-gap-extended\">\n\t\t\t\t\t<div class=\"elementor-column elementor-col-100 elementor-top-column elementor-element elementor-element-a614e8a\" data-id=\"a614e8a\" data-element_type=\"column\">\n\t\t\t<div class=\"elementor-widget-wrap elementor-element-populated\">\n\t\t\t\t\t\t<div class=\"elementor-element elementor-element-c8bd301 elementor-widget-divider--view-line elementor-widget elementor-widget-divider\" data-id=\"c8bd301\" data-element_type=\"widget\" data-widget_type=\"divider.default\">\n\t\t\t\t\t\t\t<div class=\"elementor-divider\">\n\t\t\t<span class=\"elementor-divider-separator\">\n\t\t\t\t\t\t<\/span>\n\t\t<\/div>\n\t\t\t\t\t\t<\/div>\n\t\t\t\t\t<\/div>\n\t\t<\/div>\n\t\t\t\t\t<\/div>\n\t\t<\/section>\n\t\t\t\t<section class=\"elementor-section elementor-top-section elementor-element elementor-element-13b5bdf elementor-section-boxed elementor-section-height-default elementor-section-height-default\" data-id=\"13b5bdf\" data-element_type=\"section\">\n\t\t\t\t\t\t<div class=\"elementor-container elementor-column-gap-extended\">\n\t\t\t\t\t<div class=\"elementor-column elementor-col-50 elementor-top-column elementor-element elementor-element-23af922\" data-id=\"23af922\" data-element_type=\"column\">\n\t\t\t<div class=\"elementor-widget-wrap elementor-element-populated\">\n\t\t\t\t\t\t<div class=\"elementor-element elementor-element-dd3b315 elementor-widget elementor-widget-heading\" data-id=\"dd3b315\" data-element_type=\"widget\" data-widget_type=\"heading.default\">\n\t\t\t\t\t<span class=\"elementor-heading-title elementor-size-default\">02<\/span>\t\t\t\t<\/div>\n\t\t\t\t\t<\/div>\n\t\t<\/div>\n\t\t\t\t<div class=\"elementor-column elementor-col-50 elementor-top-column elementor-element elementor-element-6d6d69f\" data-id=\"6d6d69f\" data-element_type=\"column\">\n\t\t\t<div class=\"elementor-widget-wrap elementor-element-populated\">\n\t\t\t\t\t\t<div class=\"elementor-element elementor-element-cd7a98c elementor-widget elementor-widget-heading\" data-id=\"cd7a98c\" data-element_type=\"widget\" data-widget_type=\"heading.default\">\n\t\t\t\t\t<span class=\"elementor-heading-title elementor-size-default\">\nCzemuNie24.com<\/span>\t\t\t\t<\/div>\n\t\t\t\t<div class=\"elementor-element elementor-element-08ac546 elementor-widget elementor-widget-heading\" data-id=\"08ac546\" data-element_type=\"widget\" data-widget_type=\"heading.default\">\n\t\t\t\t\t<h2 class=\"elementor-heading-title elementor-size-default\">TECHNOLOGY, EXPERIENCE AND QUALITY\n<\/h2>\t\t\t\t<\/div>\n\t\t\t\t\t<\/div>\n\t\t<\/div>\n\t\t\t\t\t<\/div>\n\t\t<\/section>\n\t\t\t\t<section class=\"elementor-section elementor-top-section elementor-element elementor-element-439d57b elementor-section-boxed elementor-section-height-default elementor-section-height-default\" data-id=\"439d57b\" data-element_type=\"section\">\n\t\t\t\t\t\t<div class=\"elementor-container elementor-column-gap-extended\">\n\t\t\t\t\t<div class=\"elementor-column elementor-col-100 elementor-top-column elementor-element elementor-element-ce1008d\" data-id=\"ce1008d\" data-element_type=\"column\">\n\t\t\t<div class=\"elementor-widget-wrap elementor-element-populated\">\n\t\t\t\t\t\t<div class=\"elementor-element elementor-element-c89ef33 elementor-widget elementor-widget-heading\" data-id=\"c89ef33\" data-element_type=\"widget\" data-widget_type=\"heading.default\">\n\t\t\t\t\t<p class=\"elementor-heading-title elementor-size-default\">We also manufacture textile gadgets, such as advertising sashes, printed socks, towels, headbands and many other promotional products. We use durable techniques to apply identification: embroidery, thermal transfer, sublimation and screen printing, guaranteeing high quality and durability of designs even with intensive use.\n\n\n<\/p>\t\t\t\t<\/div>\n\t\t\t\t\t<\/div>\n\t\t<\/div>\n\t\t\t\t\t<\/div>\n\t\t<\/section>\n\t\t\t\t<section class=\"elementor-section elementor-top-section elementor-element elementor-element-af87b43 elementor-section-boxed elementor-section-height-default elementor-section-height-default\" data-id=\"af87b43\" data-element_type=\"section\">\n\t\t\t\t\t\t<div class=\"elementor-container elementor-column-gap-extended\">\n\t\t\t\t\t<div class=\"elementor-column elementor-col-50 elementor-top-column elementor-element elementor-element-b126c9c\" data-id=\"b126c9c\" data-element_type=\"column\">\n\t\t\t<div class=\"elementor-widget-wrap elementor-element-populated\">\n\t\t\t\t\t\t<div class=\"elementor-element elementor-element-343114d elementor-widget elementor-widget-image\" data-id=\"343114d\" data-element_type=\"widget\" data-widget_type=\"image.default\">\n\t\t\t\t\t\t\t\t\t\t\t\t\t\t\t<img decoding=\"async\" src=\"https:\/\/czemunie24.com\/wp-content\/uploads\/2025\/10\/koszulki1i2.jpg\" title=\"koszulki1i2\" alt=\"koszulki1i2\" loading=\"lazy\" \/>\t\t\t\t\t\t\t\t\t\t\t\t\t\t\t<\/div>\n\t\t\t\t<div class=\"elementor-element elementor-element-abb7a48 elementor-widget elementor-widget-partdo-icon-list\" data-id=\"abb7a48\" data-element_type=\"widget\" data-widget_type=\"partdo-icon-list.default\">\n\t\t\t\t<div class=\"elementor-widget-container\">\n\t\t\t\t\t<div class=\"widget widget_iconbox\"><div class=\"widget-body\"><ul class=\"iconboxes\"><li class=\"iconbox\"><div class=\"iconbox-icon\"><i aria-hidden=\"false\" class=\"fas fa-arrow-alt-circle-right\"><\/i><\/div><div class=\"iconbox-detail\"><h3 class=\"entry-title\">100% Polish production<\/h3><div class=\"entry-description\"> <p>we guarantee excellent value for money.\n<\/p><\/div><\/div><\/li><li class=\"iconbox\"><div class=\"iconbox-icon\"><i aria-hidden=\"false\" class=\"fas fa-arrow-alt-circle-right\"><\/i><\/div><div class=\"iconbox-detail\"><h3 class=\"entry-title\">\nComprehensive and fast delivery<\/h3><div class=\"entry-description\"> <p>flexible service and full consultation at every stage<\/p><\/div><\/div><\/li><li class=\"iconbox\"><div class=\"iconbox-icon\"><i aria-hidden=\"false\" class=\"fas fa-arrow-alt-circle-right\"><\/i><\/div><div class=\"iconbox-detail\"><h3 class=\"entry-title\">Fast delivery times<\/h3><div class=\"entry-description\"> <p>we offer standard and express delivery, even within 24-48 hours.<\/p><\/div><\/div><\/li><li class=\"iconbox\"><div class=\"iconbox-icon\"><i aria-hidden=\"false\" class=\"fas fa-arrow-alt-circle-right\"><\/i><\/div><div class=\"iconbox-detail\"><h3 class=\"entry-title\">Fast quotation<\/h3><div class=\"entry-description\"> <p>even on the day of enquiry.<\/p><\/div><\/div><\/li><li class=\"iconbox\"><div class=\"iconbox-icon\"><i aria-hidden=\"false\" class=\"fas fa-arrow-alt-circle-right\"><\/i><\/div><div class=\"iconbox-detail\"><h3 class=\"entry-title\">Individual approach<\/h3><div class=\"entry-description\"> <p>our strength lies in our team of experts who ensure the highest level of customer service both domestically and internationally.<\/p><\/div><\/div><\/li><\/ul><!-- iconboxes --><\/div><!-- widget-body --><\/div>\t\t\t\t<\/div>\n\t\t\t\t<\/div>\n\t\t\t\t\t<\/div>\n\t\t<\/div>\n\t\t\t\t<div class=\"elementor-column elementor-col-50 elementor-top-column elementor-element elementor-element-8eb22a6\" data-id=\"8eb22a6\" data-element_type=\"column\">\n\t\t\t<div class=\"elementor-widget-wrap elementor-element-populated\">\n\t\t\t\t\t\t<div class=\"elementor-element elementor-element-ac74e94 elementor-widget elementor-widget-heading\" data-id=\"ac74e94\" data-element_type=\"widget\" data-widget_type=\"heading.default\">\n\t\t\t\t\t<p class=\"elementor-heading-title elementor-size-default\">\n\nWe treat each order individually, offering comprehensive consulting services from the graphic design stage to the final product implementation. We provide fast and efficient service, competitive prices and express delivery times thanks to optimised production processes. Join our group of satisfied customers and let us create top-quality advertising for your brand.\n\nWe have a modern and extensive machine park and our own sewing room, which allows us to fully control the production process \u2013 from graphic design to delivery. Our advanced technologies enable us to carry out virtually any order involving printing (including advanced digital and sublimation printing) and precise engraving on selected materials and gadgets.\n<\/p>\t\t\t\t<\/div>\n\t\t\t\t<div class=\"elementor-element elementor-element-9479c7e elementor-widget elementor-widget-heading\" data-id=\"9479c7e\" data-element_type=\"widget\" data-widget_type=\"heading.default\">\n\t\t\t\t\t<p class=\"elementor-heading-title elementor-size-default\">Posiadamy nowoczesny i rozbudowany park maszynowy oraz w\u0142asn\u0105 szwalni\u0119, co pozwala na pe\u0142n\u0105 kontrol\u0119 nad procesem produkcyjnym \u2013 od projektu graficznego, a\u017c po dostaw\u0119. Nasze zaawansowane technologie umo\u017cliwiaj\u0105 realizacj\u0119 praktycznie ka\u017cdego zlecenia obejmuj\u0105cego nadruk (w tym zaawansowany druk cyfrowy i sublimacyjny) oraz precyzyjny grawer na wybranych materia\u0142ach i gad\u017cetach.<\/p>\t\t\t\t<\/div>\n\t\t\t\t<div class=\"elementor-element elementor-element-1dce11e elementor-widget elementor-widget-image\" data-id=\"1dce11e\" data-element_type=\"widget\" data-widget_type=\"image.default\">\n\t\t\t\t\t\t\t\t\t\t\t\t\t\t\t<img decoding=\"async\" src=\"https:\/\/czemunie24.com\/wp-content\/uploads\/2022\/10\/podkladka-zaokraglona2-scaled.jpg\" title=\"podkladka-zaokraglona2\" alt=\"podkladka-zaokraglona2\" loading=\"lazy\" \/>\t\t\t\t\t\t\t\t\t\t\t\t\t\t\t<\/div>\n\t\t\t\t\t<\/div>\n\t\t<\/div>\n\t\t\t\t\t<\/div>\n\t\t<\/section>\n\t\t\t\t<section class=\"elementor-section elementor-top-section elementor-element elementor-element-9fe7a65 elementor-section-boxed elementor-section-height-default elementor-section-height-default\" data-id=\"9fe7a65\" data-element_type=\"section\">\n\t\t\t\t\t\t<div class=\"elementor-container elementor-column-gap-extended\">\n\t\t\t\t\t<div class=\"elementor-column elementor-col-100 elementor-top-column elementor-element elementor-element-d4a1973\" data-id=\"d4a1973\" data-element_type=\"column\">\n\t\t\t<div class=\"elementor-widget-wrap elementor-element-populated\">\n\t\t\t\t\t\t<div class=\"elementor-element elementor-element-1c17b18 elementor-widget-divider--view-line elementor-widget elementor-widget-divider\" data-id=\"1c17b18\" data-element_type=\"widget\" data-widget_type=\"divider.default\">\n\t\t\t\t\t\t\t<div class=\"elementor-divider\">\n\t\t\t<span class=\"elementor-divider-separator\">\n\t\t\t\t\t\t<\/span>\n\t\t<\/div>\n\t\t\t\t\t\t<\/div>\n\t\t\t\t\t<\/div>\n\t\t<\/div>\n\t\t\t\t\t<\/div>\n\t\t<\/section>\n\t\t\t\t<\/div>\n\t\t","protected":false},"excerpt":{"rendered":"<p>CzemuNie24.pl Producent smyczy i akcesori\u00f3w reklamowych. Our company has specialised in the comprehensive production of advertising accessories for many years, offering a wide range of products tailored to the individual needs of our customers. We have our own modern production facilities and a qualified team that ensures the highest quality of every order. Our flagship<\/p>\n<div class=\"klb-readmore button\"><a class=\"btn link\" href=\"https:\/\/czemunie24.com\/?page_id=5314&#038;lang=en\">Read More <i class=\"klbth-icon-right-arrow\"><\/i><\/a><\/div>\n","protected":false},"author":1,"featured_media":0,"parent":0,"menu_order":0,"comment_status":"closed","ping_status":"closed","template":"","meta":{"footnotes":""},"class_list":["post-5314","page","type-page","status-publish","hentry"],"lang":"en","translations":{"en":5314,"pl":2349},"pll_sync_post":[],"_links":{"self":[{"href":"https:\/\/czemunie24.com\/index.php?rest_route=\/wp\/v2\/pages\/5314","targetHints":{"allow":["GET"]}}],"collection":[{"href":"https:\/\/czemunie24.com\/index.php?rest_route=\/wp\/v2\/pages"}],"about":[{"href":"https:\/\/czemunie24.com\/index.php?rest_route=\/wp\/v2\/types\/page"}],"author":[{"embeddable":true,"href":"https:\/\/czemunie24.com\/index.php?rest_route=\/wp\/v2\/users\/1"}],"replies":[{"embeddable":true,"href":"https:\/\/czemunie24.com\/index.php?rest_route=%2Fwp%2Fv2%2Fcomments&post=5314"}],"version-history":[{"count":4,"href":"https:\/\/czemunie24.com\/index.php?rest_route=\/wp\/v2\/pages\/5314\/revisions"}],"predecessor-version":[{"id":5319,"href":"https:\/\/czemunie24.com\/index.php?rest_route=\/wp\/v2\/pages\/5314\/revisions\/5319"}],"wp:attachment":[{"href":"https:\/\/czemunie24.com\/index.php?rest_route=%2Fwp%2Fv2%2Fmedia&parent=5314"}],"curies":[{"name":"wp","href":"https:\/\/api.w.org\/{rel}","templated":true}]}}