{"id":3054,"date":"2022-10-21T07:34:02","date_gmt":"2022-10-21T07:34:02","guid":{"rendered":"https:\/\/klbtheme.com\/partdo\/?post_type=product&#038;p=3054"},"modified":"2025-10-30T22:16:15","modified_gmt":"2025-10-30T21:16:15","slug":"maxpeedingrods-gt45-t4-upgrade-racing-turbo-charger","status":"publish","type":"product","link":"https:\/\/czemunie24.com\/?product=maxpeedingrods-gt45-t4-upgrade-racing-turbo-charger&lang=pl","title":{"rendered":"Podk\u0142adka z kalendarzem"},"content":{"rendered":"<p>Podk\u0142adki s\u0105 dost\u0119pne w r\u00f3\u017cnych rozmiarach i kszta\u0142tach, mo\u017cna na nich umie\u015bci\u0107 dowoln\u0105 grafik\u0119, logo czy zdj\u0119cie, tworz\u0105c niepowtarzalny gad\u017cet reklamowy lub wyj\u0105tkowy prezent. Idealnie sprawdz\u0105 si\u0119 zar\u00f3wno w biurze, jak i w domu, podkre\u015blaj\u0105c indywidualny styl u\u017cytkownika oraz buduj\u0105c rozpoznawalno\u015b\u0107 marki w codziennym otoczeniu. To po\u0142\u0105czenie funkcjonalno\u015bci i kreatywnej promocji, kt\u00f3ra wyr\u00f3\u017cnia si\u0119 na ka\u017cdym biurku.<\/p>\n","protected":false},"excerpt":{"rendered":"<ul>\n<li>Dowolny rozmiar i kszta\u0142t<\/li>\n<li>Najwy\u017cszej jako\u015bci nadruk<\/li>\n<li>Tak\u017ce nietypowe zlecenia<\/li>\n<\/ul>\n","protected":false},"featured_media":5364,"template":"","meta":[],"product_brand":[],"product_cat":[63],"product_tag":[],"class_list":{"0":"post-3054","1":"product","2":"type-product","3":"status-publish","4":"has-post-thumbnail","6":"product_cat-podkladki-pod-mysz","8":"first","9":"instock","10":"sale","11":"shipping-taxable","12":"purchasable","13":"product-type-simple"},"lang":"pl","translations":{"pl":3054,"en":5363},"pll_sync_post":[],"_links":{"self":[{"href":"https:\/\/czemunie24.com\/index.php?rest_route=\/wp\/v2\/product\/3054","targetHints":{"allow":["GET"]}}],"collection":[{"href":"https:\/\/czemunie24.com\/index.php?rest_route=\/wp\/v2\/product"}],"about":[{"href":"https:\/\/czemunie24.com\/index.php?rest_route=\/wp\/v2\/types\/product"}],"version-history":[{"count":2,"href":"https:\/\/czemunie24.com\/index.php?rest_route=\/wp\/v2\/product\/3054\/revisions"}],"predecessor-version":[{"id":4538,"href":"https:\/\/czemunie24.com\/index.php?rest_route=\/wp\/v2\/product\/3054\/revisions\/4538"}],"wp:featuredmedia":[{"embeddable":true,"href":"https:\/\/czemunie24.com\/index.php?rest_route=\/wp\/v2\/media\/5364"}],"wp:attachment":[{"href":"https:\/\/czemunie24.com\/index.php?rest_route=%2Fwp%2Fv2%2Fmedia&parent=3054"}],"wp:term":[{"taxonomy":"product_brand","embeddable":true,"href":"https:\/\/czemunie24.com\/index.php?rest_route=%2Fwp%2Fv2%2Fproduct_brand&post=3054"},{"taxonomy":"product_cat","embeddable":true,"href":"https:\/\/czemunie24.com\/index.php?rest_route=%2Fwp%2Fv2%2Fproduct_cat&post=3054"},{"taxonomy":"product_tag","embeddable":true,"href":"https:\/\/czemunie24.com\/index.php?rest_route=%2Fwp%2Fv2%2Fproduct_tag&post=3054"}],"curies":[{"name":"wp","href":"https:\/\/api.w.org\/{rel}","templated":true}]}}