{"id":3074,"date":"2022-10-21T07:47:52","date_gmt":"2022-10-21T07:47:52","guid":{"rendered":"https:\/\/klbtheme.com\/partdo\/?post_type=product&#038;p=3074"},"modified":"2026-01-05T17:26:40","modified_gmt":"2026-01-05T16:26:40","slug":"pennzoil-platinum-high-mileage-full-synthetic-0w-20","status":"publish","type":"product","link":"https:\/\/czemunie24.com\/?product=pennzoil-platinum-high-mileage-full-synthetic-0w-20&lang=pl","title":{"rendered":"Smycze ekologiczne"},"content":{"rendered":"<p data-start=\"280\" data-end=\"623\"><strong data-start=\"280\" data-end=\"302\">Smycze ekologiczne<\/strong> to doskona\u0142y wyb\u00f3r dla firm, kt\u00f3re chc\u0105 promowa\u0107 swoj\u0105 mark\u0119 w spos\u00f3b odpowiedzialny i przyjazny \u015brodowisku. Wykonane z <strong data-start=\"423\" data-end=\"463\">materia\u0142\u00f3w pochodz\u0105cych z recyklingu<\/strong>, takich jak RPET (recyklingowany poliester), <strong data-start=\"509\" data-end=\"531\">bawe\u0142na organiczna<\/strong> lub <strong data-start=\"536\" data-end=\"546\">bambus<\/strong>, stanowi\u0105 idealne po\u0142\u0105czenie funkcjonalno\u015bci, estetyki i troski o planet\u0119.<\/p>\n<p data-start=\"625\" data-end=\"1004\">Ich naturalna faktura i nowoczesny wygl\u0105d przyci\u0105gaj\u0105 uwag\u0119, a jednocze\u015bnie podkre\u015blaj\u0105 proekologiczne warto\u015bci Twojej marki. Smycze ekologiczne mog\u0105 by\u0107 wykonane <strong data-start=\"788\" data-end=\"819\">z nadrukiem lub bez nadruku<\/strong>, w zale\u017cno\u015bci od potrzeb \u2013 logotyp mo\u017cna nanie\u015b\u0107 za pomoc\u0105 <strong data-start=\"879\" data-end=\"906\">sublimacji ekologicznej<\/strong> lub <strong data-start=\"911\" data-end=\"932\">sitodruku wodnego<\/strong>, co pozwala zachowa\u0107 pe\u0142n\u0105 zgodno\u015b\u0107 z zasadami zr\u00f3wnowa\u017conej produkcji.<\/p>\n<p data-start=\"625\" data-end=\"1004\">\n<ul>\n<li data-start=\"1043\" data-end=\"1090\">\n<p data-start=\"1045\" data-end=\"1090\">dost\u0119pne szeroko\u015bci: <strong data-start=\"1066\" data-end=\"1088\">10, 15, 20 i 25 mm<\/strong><\/p>\n<\/li>\n<li data-start=\"1091\" data-end=\"1167\">\n<p data-start=\"1093\" data-end=\"1167\">materia\u0142y: <strong data-start=\"1104\" data-end=\"1165\">RPET (z recyklingu), bawe\u0142na organiczna, w\u0142\u00f3kno bambusowe<\/strong><\/p>\n<\/li>\n<li data-start=\"1168\" data-end=\"1239\">\n<p data-start=\"1170\" data-end=\"1239\">nadruk: <strong data-start=\"1178\" data-end=\"1237\">ekologiczna sublimacja, sitodruk wodny lub brak nadruku<\/strong><\/p>\n<\/li>\n<li data-start=\"1240\" data-end=\"1290\">\n<p data-start=\"1242\" data-end=\"1290\">d\u0142ugo\u015b\u0107 standardowa: <strong data-start=\"1263\" data-end=\"1288\">ok. 45 cm po z\u0142o\u017ceniu<\/strong><\/p>\n<\/li>\n<li data-start=\"1291\" data-end=\"1376\">\n<p data-start=\"1293\" data-end=\"1376\">zako\u0144czenia: <strong data-start=\"1306\" data-end=\"1374\">karabi\u0144czyk, zapi\u0119cie bezpiecze\u0144stwa, klamra, uchwyt do telefonu<\/strong><\/p>\n<\/li>\n<\/ul>\n<p>&nbsp;<\/p>\n<h4 data-start=\"1383\" data-end=\"1405\"><strong data-start=\"1388\" data-end=\"1405\">Zastosowanie:<\/strong><\/h4>\n<p data-start=\"1406\" data-end=\"1446\">Smycze ekologiczne to idealny wyb\u00f3r dla:<\/p>\n<ul data-start=\"1447\" data-end=\"1674\">\n<li data-start=\"1447\" data-end=\"1492\">\n<p data-start=\"1449\" data-end=\"1492\">firm stawiaj\u0105cych na zr\u00f3wnowa\u017cony rozw\u00f3j,<\/p>\n<\/li>\n<li data-start=\"1493\" data-end=\"1556\">\n<p data-start=\"1495\" data-end=\"1556\">wydarze\u0144 proekologicznych, targ\u00f3w i konferencji bran\u017cowych,<\/p>\n<\/li>\n<li data-start=\"1557\" data-end=\"1612\">\n<p data-start=\"1559\" data-end=\"1612\">instytucji i organizacji promuj\u0105cych dzia\u0142ania CSR,<\/p>\n<\/li>\n<li data-start=\"1613\" data-end=\"1674\">\n<p data-start=\"1615\" data-end=\"1674\">marek, kt\u00f3re chc\u0105 komunikowa\u0107 swoje warto\u015bci w duchu eko.<\/p>\n<\/li>\n<\/ul>\n<p>&nbsp;<\/p>\n<h4 data-start=\"1681\" data-end=\"1718\"><strong data-start=\"1686\" data-end=\"1718\">Zalety smyczy ekologicznych:<\/strong><\/h4>\n<p data-start=\"1719\" data-end=\"1913\">\u2705 Wykonane z przyjaznych \u015brodowisku materia\u0142\u00f3w<br data-start=\"1765\" data-end=\"1768\" \/>\u2705 Mo\u017cliwo\u015b\u0107 ekologicznego nadruku lub wersji bez nadruku<br data-start=\"1824\" data-end=\"1827\" \/>\u2705 Estetyczny, nowoczesny wygl\u0105d<br data-start=\"1858\" data-end=\"1861\" \/>\u2705 Idealne do budowania pozytywnego wizerunku marki<\/p>\n","protected":false},"excerpt":{"rendered":"<ul>\n<li data-start=\"1043\" data-end=\"1090\">\n<p data-start=\"1045\" data-end=\"1090\">ost\u0119pne szeroko\u015bci: <strong data-start=\"1066\" data-end=\"1088\">10, 15, 20 i 25 mm<\/strong><\/p>\n<\/li>\n<li data-start=\"1091\" data-end=\"1167\">\n<p data-start=\"1093\" data-end=\"1167\">materia\u0142y: <strong data-start=\"1104\" data-end=\"1165\">RPET (z recyklingu), bawe\u0142na organiczna, w\u0142\u00f3kno bambusowe<\/strong><\/p>\n<\/li>\n<li data-start=\"1168\" data-end=\"1239\">\n<p data-start=\"1170\" data-end=\"1239\">nadruk: <strong data-start=\"1178\" data-end=\"1237\">ekologiczna sublimacja, sitodruk wodny lub brak nadruku<\/strong><\/p>\n<\/li>\n<\/ul>\n<p><a href=\"https:\/\/czemunie24.com\/wp-content\/uploads\/2025\/12\/warianty-1.jpg\"><img fetchpriority=\"high\" decoding=\"async\" class=\"alignnone wp-image-5569\" src=\"https:\/\/czemunie24.com\/wp-content\/uploads\/2025\/12\/warianty-1-300x300.jpg\" alt=\"\" width=\"500\" height=\"500\" srcset=\"https:\/\/czemunie24.com\/wp-content\/uploads\/2025\/12\/warianty-1-300x300.jpg 300w, https:\/\/czemunie24.com\/wp-content\/uploads\/2025\/12\/warianty-1-150x150.jpg 150w, https:\/\/czemunie24.com\/wp-content\/uploads\/2025\/12\/warianty-1-768x768.jpg 768w, https:\/\/czemunie24.com\/wp-content\/uploads\/2025\/12\/warianty-1-450x450.jpg 450w, https:\/\/czemunie24.com\/wp-content\/uploads\/2025\/12\/warianty-1-600x600.jpg 600w, https:\/\/czemunie24.com\/wp-content\/uploads\/2025\/12\/warianty-1-54x54.jpg 54w, https:\/\/czemunie24.com\/wp-content\/uploads\/2025\/12\/warianty-1.jpg 1024w\" sizes=\"(max-width: 500px) 100vw, 500px\" \/><\/a><\/p>\n","protected":false},"featured_media":5174,"template":"","meta":[],"product_brand":[],"product_cat":[79,199],"product_tag":[],"class_list":{"0":"post-3074","1":"product","2":"type-product","3":"status-publish","4":"has-post-thumbnail","6":"product_cat-smycze-reklamowe","7":"product_cat-smycze-ekologiczne","9":"first","10":"instock","11":"sale","12":"shipping-taxable","13":"purchasable","14":"product-type-simple"},"lang":"pl","translations":{"pl":3074,"en":5173},"pll_sync_post":[],"_links":{"self":[{"href":"https:\/\/czemunie24.com\/index.php?rest_route=\/wp\/v2\/product\/3074","targetHints":{"allow":["GET"]}}],"collection":[{"href":"https:\/\/czemunie24.com\/index.php?rest_route=\/wp\/v2\/product"}],"about":[{"href":"https:\/\/czemunie24.com\/index.php?rest_route=\/wp\/v2\/types\/product"}],"version-history":[{"count":3,"href":"https:\/\/czemunie24.com\/index.php?rest_route=\/wp\/v2\/product\/3074\/revisions"}],"predecessor-version":[{"id":5578,"href":"https:\/\/czemunie24.com\/index.php?rest_route=\/wp\/v2\/product\/3074\/revisions\/5578"}],"wp:featuredmedia":[{"embeddable":true,"href":"https:\/\/czemunie24.com\/index.php?rest_route=\/wp\/v2\/media\/5174"}],"wp:attachment":[{"href":"https:\/\/czemunie24.com\/index.php?rest_route=%2Fwp%2Fv2%2Fmedia&parent=3074"}],"wp:term":[{"taxonomy":"product_brand","embeddable":true,"href":"https:\/\/czemunie24.com\/index.php?rest_route=%2Fwp%2Fv2%2Fproduct_brand&post=3074"},{"taxonomy":"product_cat","embeddable":true,"href":"https:\/\/czemunie24.com\/index.php?rest_route=%2Fwp%2Fv2%2Fproduct_cat&post=3074"},{"taxonomy":"product_tag","embeddable":true,"href":"https:\/\/czemunie24.com\/index.php?rest_route=%2Fwp%2Fv2%2Fproduct_tag&post=3074"}],"curies":[{"name":"wp","href":"https:\/\/api.w.org\/{rel}","templated":true}]}}