{"id":3102,"date":"2022-10-21T08:01:14","date_gmt":"2022-10-21T08:01:14","guid":{"rendered":"https:\/\/klbtheme.com\/partdo\/?post_type=product&#038;p=3102"},"modified":"2025-11-18T20:16:17","modified_gmt":"2025-11-18T19:16:17","slug":"kubek-z-nadrukiem","status":"publish","type":"product","link":"https:\/\/czemunie24.com\/?product=kubek-z-nadrukiem&lang=pl","title":{"rendered":"Kubek z nadrukiem"},"content":{"rendered":"<p>Ceramiczne kubki to eleganckie i nowoczesne naczynia wykonane z wysokiej jako\u015bci porcelany, dost\u0119pne w klasycznym bia\u0142ym oraz g\u0142\u0119bokim czerwonym kolorze. Charakteryzuj\u0105 si\u0119 g\u0142adk\u0105, b\u0142yszcz\u0105c\u0105 powierzchni\u0105, minimalistycznym designem oraz wygodnym, ergonomicznym uchwytem, kt\u00f3ry u\u0142atwia trzymanie nawet gor\u0105cego napoju. Charakteryzuj\u0105 si\u0119 g\u0142adk\u0105, b\u0142yszcz\u0105c\u0105 powierzchni\u0105, minimalistycznym designem oraz wygodnym, ergonomicznym uchwytem, kt\u00f3ry u\u0142atwia trzymanie nawet gor\u0105cego napoju.<\/p>\n<p>Ka\u017cdy kubek posiada pojemno\u015b\u0107 odpowiedni\u0105 do codziennego u\u017cytkowania w biurze, domu czy kawiarni. Ich uniwersalna i ponadczasowa forma\u202fdoskonale sprawdzi si\u0119 zar\u00f3wno w personalizacji (np. z nadrukiem reklamowym), jak i w minimalistycznych aran\u017cacjach kuchennych.<\/p>\n<p>Kubki polecane s\u0105 dla firm jako produkty reklamowe oraz dla os\u00f3b prywatnych ceni\u0105cych sobie komfort i estetyk\u0119 codziennego u\u017cytkowania.<\/p>\n","protected":false},"excerpt":{"rendered":"<ul>\n<li>Ceramiczne kubki to eleganckie i nowoczesne naczynia wykonane z wysokiej jako\u015bci porcelany, dost\u0119pne w klasycznym bia\u0142ym oraz g\u0142\u0119bokim czerwonym kolorze.\n<ul>\n<li>Wysokiej klasy porcelana<\/li>\n<li>R\u00f3\u017cne kolory wn\u0119trza<\/li>\n<li>Pojemno\u015b\u0107 370ml<\/li>\n<li>D\u0142ugo trzyma temperatur\u0119 napoju<\/li>\n<\/ul>\n<\/li>\n<\/ul>\n","protected":false},"featured_media":5192,"template":"","meta":[],"product_brand":[],"product_cat":[117],"product_tag":[],"class_list":{"0":"post-3102","1":"product","2":"type-product","3":"status-publish","4":"has-post-thumbnail","6":"product_cat-kubki-z-nadrukiem","8":"first","9":"instock","10":"sale","11":"shipping-taxable","12":"purchasable","13":"product-type-simple"},"lang":"pl","translations":{"pl":3102,"en":5191},"pll_sync_post":[],"_links":{"self":[{"href":"https:\/\/czemunie24.com\/index.php?rest_route=\/wp\/v2\/product\/3102","targetHints":{"allow":["GET"]}}],"collection":[{"href":"https:\/\/czemunie24.com\/index.php?rest_route=\/wp\/v2\/product"}],"about":[{"href":"https:\/\/czemunie24.com\/index.php?rest_route=\/wp\/v2\/types\/product"}],"version-history":[{"count":5,"href":"https:\/\/czemunie24.com\/index.php?rest_route=\/wp\/v2\/product\/3102\/revisions"}],"predecessor-version":[{"id":5188,"href":"https:\/\/czemunie24.com\/index.php?rest_route=\/wp\/v2\/product\/3102\/revisions\/5188"}],"wp:featuredmedia":[{"embeddable":true,"href":"https:\/\/czemunie24.com\/index.php?rest_route=\/wp\/v2\/media\/5192"}],"wp:attachment":[{"href":"https:\/\/czemunie24.com\/index.php?rest_route=%2Fwp%2Fv2%2Fmedia&parent=3102"}],"wp:term":[{"taxonomy":"product_brand","embeddable":true,"href":"https:\/\/czemunie24.com\/index.php?rest_route=%2Fwp%2Fv2%2Fproduct_brand&post=3102"},{"taxonomy":"product_cat","embeddable":true,"href":"https:\/\/czemunie24.com\/index.php?rest_route=%2Fwp%2Fv2%2Fproduct_cat&post=3102"},{"taxonomy":"product_tag","embeddable":true,"href":"https:\/\/czemunie24.com\/index.php?rest_route=%2Fwp%2Fv2%2Fproduct_tag&post=3102"}],"curies":[{"name":"wp","href":"https:\/\/api.w.org\/{rel}","templated":true}]}}