{"id":3123,"date":"2022-10-21T08:12:01","date_gmt":"2022-10-21T08:12:01","guid":{"rendered":"https:\/\/klbtheme.com\/partdo\/?post_type=product&#038;p=3123"},"modified":"2025-11-18T21:44:08","modified_gmt":"2025-11-18T20:44:08","slug":"technaxx-car-alarm-with-charging-function-tx-100","status":"publish","type":"product","link":"https:\/\/czemunie24.com\/?product=technaxx-car-alarm-with-charging-function-tx-100&lang=pl","title":{"rendered":"T-shirt z nadrukiem"},"content":{"rendered":"<p>Podkoszulki T-shirtz nadrukiem to doskona\u0142y spos\u00f3b na budowanie sp\u00f3jnego wizerunku firmy oraz podkre\u015blenie profesjonalizmu zespo\u0142u. Personalizacja obejmuje precyzyjne umieszczenie logo firmy, sloganu lub innych element\u00f3w graficznych, kt\u00f3re wyr\u00f3\u017cniaj\u0105 odzie\u017c i wzmacniaj\u0105 rozpoznawalno\u015b\u0107 marki. Idealnie sprawdzaj\u0105 si\u0119 podczas event\u00f3w bran\u017cowych, relacji z klientami czy jako wygodny uniform firmowy<\/p>\n","protected":false},"excerpt":{"rendered":"<ul>\n<li>Wiele rozmiar\u00f3w i fason\u00f3w<\/li>\n<li>Wytrzyma\u0142y materia\u0142<\/li>\n<li>Oddychaj\u0105ca struktura materia\u0142u<\/li>\n<\/ul>\n","protected":false},"featured_media":5242,"template":"","meta":[],"product_brand":[],"product_cat":[194],"product_tag":[],"class_list":{"0":"post-3123","1":"product","2":"type-product","3":"status-publish","4":"has-post-thumbnail","6":"product_cat-koszulki-z-nadrukiem","8":"first","9":"instock","10":"shipping-taxable","11":"purchasable","12":"product-type-simple"},"lang":"pl","translations":{"pl":3123,"en":5241},"pll_sync_post":[],"_links":{"self":[{"href":"https:\/\/czemunie24.com\/index.php?rest_route=\/wp\/v2\/product\/3123","targetHints":{"allow":["GET"]}}],"collection":[{"href":"https:\/\/czemunie24.com\/index.php?rest_route=\/wp\/v2\/product"}],"about":[{"href":"https:\/\/czemunie24.com\/index.php?rest_route=\/wp\/v2\/types\/product"}],"version-history":[{"count":2,"href":"https:\/\/czemunie24.com\/index.php?rest_route=\/wp\/v2\/product\/3123\/revisions"}],"predecessor-version":[{"id":5246,"href":"https:\/\/czemunie24.com\/index.php?rest_route=\/wp\/v2\/product\/3123\/revisions\/5246"}],"wp:featuredmedia":[{"embeddable":true,"href":"https:\/\/czemunie24.com\/index.php?rest_route=\/wp\/v2\/media\/5242"}],"wp:attachment":[{"href":"https:\/\/czemunie24.com\/index.php?rest_route=%2Fwp%2Fv2%2Fmedia&parent=3123"}],"wp:term":[{"taxonomy":"product_brand","embeddable":true,"href":"https:\/\/czemunie24.com\/index.php?rest_route=%2Fwp%2Fv2%2Fproduct_brand&post=3123"},{"taxonomy":"product_cat","embeddable":true,"href":"https:\/\/czemunie24.com\/index.php?rest_route=%2Fwp%2Fv2%2Fproduct_cat&post=3123"},{"taxonomy":"product_tag","embeddable":true,"href":"https:\/\/czemunie24.com\/index.php?rest_route=%2Fwp%2Fv2%2Fproduct_tag&post=3123"}],"curies":[{"name":"wp","href":"https:\/\/api.w.org\/{rel}","templated":true}]}}