{"id":3132,"date":"2022-10-21T08:15:32","date_gmt":"2022-10-21T08:15:32","guid":{"rendered":"https:\/\/klbtheme.com\/partdo\/?post_type=product&#038;p=3132"},"modified":"2026-01-06T18:01:12","modified_gmt":"2026-01-06T17:01:12","slug":"dlugopisy-z-nadrukiem","status":"publish","type":"product","link":"https:\/\/czemunie24.com\/?product=dlugopisy-z-nadrukiem&lang=pl","title":{"rendered":"D\u0142ugopisy z nadrukiem"},"content":{"rendered":"<p>Ich lekka i ergonomiczna konstrukcja sprawia, \u017ce s\u0105 wygodne w codziennym u\u017cytkowaniu, a szeroka powierzchnia do nadruku umo\u017cliwia wyra\u017an\u0105 ekspozycj\u0119 grafiki. D\u0142ugopisy z nadrukiem to popularny wyb\u00f3r na eventy, konferencje oraz jako elementy zestaw\u00f3w upominkowych, kt\u00f3re buduj\u0105 pozytywny wizerunek marki i zwi\u0119kszaj\u0105 \u015bwiadomo\u015b\u0107 w\u015br\u00f3d odbiorc\u00f3w.<\/p>\n<a class=\"maxbutton-1 maxbutton maxbutton-pobierz-katalog-pdf\" href=\"https:\/\/czemunie24.com\/wp-content\/uploads\/2025\/11\/dlugopisy-reklamowe-2025.pdf\" download=\"\"><span class='mb-text'>Pobierz katalog PDF<\/span><\/a>\n","protected":false},"excerpt":{"rendered":"<p>D\u0142ugopisy tego typu s\u0105 dost\u0119pne w r\u00f3\u017cnych kszta\u0142tach i kolorach, dzi\u0119ki czemu mo\u017cna je dopasowa\u0107 do indywidualnych potrzeb i stylu firmy.<\/p>\n<ul>\n<li>Wiele r\u00f3\u017cnych rodzaj\u00f3w<\/li>\n<li>Wiele kolor\u00f3w<\/li>\n<li>Ka\u017cdy nadruk jest mo\u017cliwy<\/li>\n<\/ul>\n[maxbutton id=\"1\"]\n","protected":false},"featured_media":5211,"template":"","meta":[],"product_brand":[],"product_cat":[192],"product_tag":[],"class_list":{"0":"post-3132","1":"product","2":"type-product","3":"status-publish","4":"has-post-thumbnail","6":"product_cat-dlugopisy","8":"first","9":"instock","10":"shipping-taxable","11":"purchasable","12":"product-type-simple"},"lang":"pl","translations":{"pl":3132,"en":5210},"pll_sync_post":[],"_links":{"self":[{"href":"https:\/\/czemunie24.com\/index.php?rest_route=\/wp\/v2\/product\/3132","targetHints":{"allow":["GET"]}}],"collection":[{"href":"https:\/\/czemunie24.com\/index.php?rest_route=\/wp\/v2\/product"}],"about":[{"href":"https:\/\/czemunie24.com\/index.php?rest_route=\/wp\/v2\/types\/product"}],"version-history":[{"count":15,"href":"https:\/\/czemunie24.com\/index.php?rest_route=\/wp\/v2\/product\/3132\/revisions"}],"predecessor-version":[{"id":5524,"href":"https:\/\/czemunie24.com\/index.php?rest_route=\/wp\/v2\/product\/3132\/revisions\/5524"}],"wp:featuredmedia":[{"embeddable":true,"href":"https:\/\/czemunie24.com\/index.php?rest_route=\/wp\/v2\/media\/5211"}],"wp:attachment":[{"href":"https:\/\/czemunie24.com\/index.php?rest_route=%2Fwp%2Fv2%2Fmedia&parent=3132"}],"wp:term":[{"taxonomy":"product_brand","embeddable":true,"href":"https:\/\/czemunie24.com\/index.php?rest_route=%2Fwp%2Fv2%2Fproduct_brand&post=3132"},{"taxonomy":"product_cat","embeddable":true,"href":"https:\/\/czemunie24.com\/index.php?rest_route=%2Fwp%2Fv2%2Fproduct_cat&post=3132"},{"taxonomy":"product_tag","embeddable":true,"href":"https:\/\/czemunie24.com\/index.php?rest_route=%2Fwp%2Fv2%2Fproduct_tag&post=3132"}],"curies":[{"name":"wp","href":"https:\/\/api.w.org\/{rel}","templated":true}]}}