{"id":339,"date":"2022-10-10T11:34:55","date_gmt":"2022-10-10T11:34:55","guid":{"rendered":"https:\/\/klbtheme.com\/partdo\/?post_type=product&#038;p=339"},"modified":"2025-10-30T23:39:59","modified_gmt":"2025-10-30T22:39:59","slug":"5_-monitor-with-1080p-backup-camera","status":"publish","type":"product","link":"https:\/\/czemunie24.com\/?product=5_-monitor-with-1080p-backup-camera&lang=pl","title":{"rendered":"Karabi\u0144czyk typu smerf"},"content":{"rendered":"<p>Karabi\u0144czyk typu smerf to oryginalny i przyci\u0105gaj\u0105cy uwag\u0119 gad\u017cet reklamowy, kt\u00f3ry wyr\u00f3\u017cnia si\u0119 charakterystycznym kszta\u0142tem nawi\u0105zuj\u0105cym do postaci smerfa. Wykonany z wysokiej jako\u015bci materia\u0142\u00f3w, zapewnia trwa\u0142o\u015b\u0107 i niezawodne mocowanie smyczy, kluczy lub innych akcesori\u00f3w, jednocze\u015bnie stanowi\u0105c ciekawy no\u015bnik reklamy.<\/p>\n","protected":false},"excerpt":{"rendered":"<ul>\n<li>Wszystkie rozmiary<\/li>\n<li>Wytrzyma\u0142y materia\u0142<\/li>\n<\/ul>\n","protected":false},"featured_media":5258,"template":"","meta":[],"product_brand":[],"product_cat":[62],"product_tag":[],"class_list":{"0":"post-339","1":"product","2":"type-product","3":"status-publish","4":"has-post-thumbnail","6":"product_cat-komponenty-do-smyczy","8":"first","9":"instock","10":"shipping-taxable","11":"purchasable","12":"product-type-simple"},"lang":"pl","translations":{"pl":339,"en":5255},"pll_sync_post":[],"_links":{"self":[{"href":"https:\/\/czemunie24.com\/index.php?rest_route=\/wp\/v2\/product\/339","targetHints":{"allow":["GET"]}}],"collection":[{"href":"https:\/\/czemunie24.com\/index.php?rest_route=\/wp\/v2\/product"}],"about":[{"href":"https:\/\/czemunie24.com\/index.php?rest_route=\/wp\/v2\/types\/product"}],"version-history":[{"count":1,"href":"https:\/\/czemunie24.com\/index.php?rest_route=\/wp\/v2\/product\/339\/revisions"}],"predecessor-version":[{"id":4574,"href":"https:\/\/czemunie24.com\/index.php?rest_route=\/wp\/v2\/product\/339\/revisions\/4574"}],"wp:featuredmedia":[{"embeddable":true,"href":"https:\/\/czemunie24.com\/index.php?rest_route=\/wp\/v2\/media\/5258"}],"wp:attachment":[{"href":"https:\/\/czemunie24.com\/index.php?rest_route=%2Fwp%2Fv2%2Fmedia&parent=339"}],"wp:term":[{"taxonomy":"product_brand","embeddable":true,"href":"https:\/\/czemunie24.com\/index.php?rest_route=%2Fwp%2Fv2%2Fproduct_brand&post=339"},{"taxonomy":"product_cat","embeddable":true,"href":"https:\/\/czemunie24.com\/index.php?rest_route=%2Fwp%2Fv2%2Fproduct_cat&post=339"},{"taxonomy":"product_tag","embeddable":true,"href":"https:\/\/czemunie24.com\/index.php?rest_route=%2Fwp%2Fv2%2Fproduct_tag&post=339"}],"curies":[{"name":"wp","href":"https:\/\/api.w.org\/{rel}","templated":true}]}}