{"id":354,"date":"2022-10-10T12:17:13","date_gmt":"2022-10-10T12:17:13","guid":{"rendered":"https:\/\/klbtheme.com\/partdo\/?post_type=product&#038;p=354"},"modified":"2025-11-18T22:01:08","modified_gmt":"2025-11-18T21:01:08","slug":"auto-vox-cs-2-wireless-backup-camera-kit","status":"publish","type":"product","link":"https:\/\/czemunie24.com\/?product=auto-vox-cs-2-wireless-backup-camera-kit&lang=pl","title":{"rendered":"Karabi\u0144czyk typu Krab"},"content":{"rendered":"<p>Karabi\u0144czyk typu krab to unikalny i efektowny element akcesori\u00f3w reklamowych, kt\u00f3ry przyci\u0105ga uwag\u0119 swoim oryginalnym kszta\u0142tem inspirowanym morskimi kreacjami. Wykonany z wytrzyma\u0142ych materia\u0142\u00f3w, zapewnia niezawodne mocowanie smyczy, kluczy, identyfikator\u00f3w czy innych drobnych przedmiot\u00f3w, jednocze\u015bnie stanowi\u0105c atrakcyjny no\u015bnik reklamy.<\/p>\n","protected":false},"excerpt":{"rendered":"<ul>\n<li>Wszystkie rozmiary<\/li>\n<li>Wytrzyma\u0142y materia\u0142<\/li>\n<\/ul>\n","protected":false},"featured_media":4569,"template":"","meta":[],"product_brand":[],"product_cat":[62],"product_tag":[],"class_list":{"0":"post-354","1":"product","2":"type-product","3":"status-publish","4":"has-post-thumbnail","6":"product_cat-komponenty-do-smyczy","8":"first","9":"instock","10":"shipping-taxable","11":"purchasable","12":"product-type-simple"},"lang":"pl","translations":{"pl":354},"pll_sync_post":[],"_links":{"self":[{"href":"https:\/\/czemunie24.com\/index.php?rest_route=\/wp\/v2\/product\/354","targetHints":{"allow":["GET"]}}],"collection":[{"href":"https:\/\/czemunie24.com\/index.php?rest_route=\/wp\/v2\/product"}],"about":[{"href":"https:\/\/czemunie24.com\/index.php?rest_route=\/wp\/v2\/types\/product"}],"version-history":[{"count":2,"href":"https:\/\/czemunie24.com\/index.php?rest_route=\/wp\/v2\/product\/354\/revisions"}],"predecessor-version":[{"id":4571,"href":"https:\/\/czemunie24.com\/index.php?rest_route=\/wp\/v2\/product\/354\/revisions\/4571"}],"wp:featuredmedia":[{"embeddable":true,"href":"https:\/\/czemunie24.com\/index.php?rest_route=\/wp\/v2\/media\/4569"}],"wp:attachment":[{"href":"https:\/\/czemunie24.com\/index.php?rest_route=%2Fwp%2Fv2%2Fmedia&parent=354"}],"wp:term":[{"taxonomy":"product_brand","embeddable":true,"href":"https:\/\/czemunie24.com\/index.php?rest_route=%2Fwp%2Fv2%2Fproduct_brand&post=354"},{"taxonomy":"product_cat","embeddable":true,"href":"https:\/\/czemunie24.com\/index.php?rest_route=%2Fwp%2Fv2%2Fproduct_cat&post=354"},{"taxonomy":"product_tag","embeddable":true,"href":"https:\/\/czemunie24.com\/index.php?rest_route=%2Fwp%2Fv2%2Fproduct_tag&post=354"}],"curies":[{"name":"wp","href":"https:\/\/api.w.org\/{rel}","templated":true}]}}