{"id":4750,"date":"2025-11-04T11:18:36","date_gmt":"2025-11-04T10:18:36","guid":{"rendered":"https:\/\/czemunie24.com\/?post_type=product&#038;p=4750"},"modified":"2026-01-06T17:11:23","modified_gmt":"2026-01-06T16:11:23","slug":"brelok-naszywany","status":"publish","type":"product","link":"https:\/\/czemunie24.com\/?product=brelok-naszywany&lang=pl","title":{"rendered":"Brelok naszywany"},"content":{"rendered":"<p><a href=\"https:\/\/czemunie24.com\/wp-content\/uploads\/2025\/11\/breloki-naszywane-3.jpg\"><img fetchpriority=\"high\" decoding=\"async\" class=\"alignnone size-medium wp-image-4945\" src=\"https:\/\/czemunie24.com\/wp-content\/uploads\/2025\/11\/breloki-naszywane-3-300x225.jpg\" alt=\"\" width=\"300\" height=\"225\" srcset=\"https:\/\/czemunie24.com\/wp-content\/uploads\/2025\/11\/breloki-naszywane-3-300x225.jpg 300w, https:\/\/czemunie24.com\/wp-content\/uploads\/2025\/11\/breloki-naszywane-3-1024x768.jpg 1024w, https:\/\/czemunie24.com\/wp-content\/uploads\/2025\/11\/breloki-naszywane-3-768x576.jpg 768w, https:\/\/czemunie24.com\/wp-content\/uploads\/2025\/11\/breloki-naszywane-3-1536x1152.jpg 1536w, https:\/\/czemunie24.com\/wp-content\/uploads\/2025\/11\/breloki-naszywane-3-600x450.jpg 600w, https:\/\/czemunie24.com\/wp-content\/uploads\/2025\/11\/breloki-naszywane-3-72x54.jpg 72w, https:\/\/czemunie24.com\/wp-content\/uploads\/2025\/11\/breloki-naszywane-3.jpg 1742w\" sizes=\"(max-width: 300px) 100vw, 300px\" \/><\/a> <a href=\"https:\/\/czemunie24.com\/wp-content\/uploads\/2025\/11\/breloki-naszywane-1.jpg\"><img decoding=\"async\" class=\"alignnone size-medium wp-image-4946\" src=\"https:\/\/czemunie24.com\/wp-content\/uploads\/2025\/11\/breloki-naszywane-1-300x225.jpg\" alt=\"\" width=\"300\" height=\"225\" srcset=\"https:\/\/czemunie24.com\/wp-content\/uploads\/2025\/11\/breloki-naszywane-1-300x225.jpg 300w, https:\/\/czemunie24.com\/wp-content\/uploads\/2025\/11\/breloki-naszywane-1-1024x768.jpg 1024w, https:\/\/czemunie24.com\/wp-content\/uploads\/2025\/11\/breloki-naszywane-1-768x576.jpg 768w, https:\/\/czemunie24.com\/wp-content\/uploads\/2025\/11\/breloki-naszywane-1-1536x1152.jpg 1536w, https:\/\/czemunie24.com\/wp-content\/uploads\/2025\/11\/breloki-naszywane-1-600x450.jpg 600w, https:\/\/czemunie24.com\/wp-content\/uploads\/2025\/11\/breloki-naszywane-1-72x54.jpg 72w, https:\/\/czemunie24.com\/wp-content\/uploads\/2025\/11\/breloki-naszywane-1.jpg 1742w\" sizes=\"(max-width: 300px) 100vw, 300px\" \/><\/a> <a href=\"https:\/\/czemunie24.com\/wp-content\/uploads\/2025\/11\/breloki-naszywane-2.jpg\"><img decoding=\"async\" class=\"alignnone size-medium wp-image-4944\" src=\"https:\/\/czemunie24.com\/wp-content\/uploads\/2025\/11\/breloki-naszywane-2-300x225.jpg\" alt=\"\" width=\"300\" height=\"225\" srcset=\"https:\/\/czemunie24.com\/wp-content\/uploads\/2025\/11\/breloki-naszywane-2-300x225.jpg 300w, https:\/\/czemunie24.com\/wp-content\/uploads\/2025\/11\/breloki-naszywane-2-1024x768.jpg 1024w, https:\/\/czemunie24.com\/wp-content\/uploads\/2025\/11\/breloki-naszywane-2-768x576.jpg 768w, https:\/\/czemunie24.com\/wp-content\/uploads\/2025\/11\/breloki-naszywane-2-1536x1152.jpg 1536w, https:\/\/czemunie24.com\/wp-content\/uploads\/2025\/11\/breloki-naszywane-2-600x450.jpg 600w, https:\/\/czemunie24.com\/wp-content\/uploads\/2025\/11\/breloki-naszywane-2-72x54.jpg 72w, https:\/\/czemunie24.com\/wp-content\/uploads\/2025\/11\/breloki-naszywane-2.jpg 1742w\" sizes=\"(max-width: 300px) 100vw, 300px\" \/> <\/a><\/p>\n<p>&nbsp;<\/p>\n<p>Wykonany z wytrzyma\u0142ej, kolorowej ta\u015bmy poliestrowej, umo\u017cliwia pe\u0142n\u0105 personalizacj\u0119 \u2013 naniesienie logo, has\u0142a reklamowego, grafiki lub dowolnego wzoru zgodnie z identyfikacj\u0105 wizualn\u0105 firmy. Tego typu brelok wyr\u00f3\u017cnia si\u0119 naszyciem jednej warstwy ta\u015bmy na drug\u0105, co podnosi estetyk\u0119 oraz trwa\u0142o\u015b\u0107 produktu; typowe szeroko\u015bci to 15, 20 lub 25 mm, a d\u0142ugo\u015b\u0107 po zszyciu wynosi zazwyczaj oko\u0142o 12\u201313 cm, z dodatkiem metalowego k\u00f3\u0142ka lub karabi\u0144czyka, pozwalaj\u0105cego na przypi\u0119cie do kluczy, plecaka czy torby.<\/p>\n<p>Nadruk na breloku wykonywany jest metod\u0105 sublimacji lub drukiem pe\u0142nokolorowym CMYK, co umo\u017cliwia uzyskanie intensywnych i trwa\u0142ych kolor\u00f3w, zgodnych z wzornikiem Pantone. Produkt cechuje si\u0119 wysok\u0105 odporno\u015bci\u0105 na \u015bcieranie oraz uszkodzenia mechaniczne \u2013 dzi\u0119ki temu przez d\u0142ugi czas eksponuje firmowe logo w codziennym u\u017cytkowaniu. Naszywane breloki reklamowe to nie tylko stylowy dodatek, ale przede wszystkim skuteczne narz\u0119dzie marketingowe, zwi\u0119kszaj\u0105ce rozpoznawalno\u015b\u0107 marki i buduj\u0105ce lojalno\u015b\u0107 odbiorc\u00f3w.<\/p>\n","protected":false},"excerpt":{"rendered":"<ul>\n<li>Szeroko\u015b\u0107 od 15 mm\u00a0 do 25 mm<\/li>\n<li>d\u0142ugo\u015b\u0107 12-13 cm<\/li>\n<\/ul>\n<p>&nbsp;<\/p>\n","protected":false},"featured_media":5102,"template":"","meta":[],"product_brand":[],"product_cat":[204],"product_tag":[],"class_list":{"0":"post-4750","1":"product","2":"type-product","3":"status-publish","4":"has-post-thumbnail","6":"product_cat-breloki-naszywane","8":"first","9":"instock","10":"shipping-taxable","11":"product-type-simple"},"lang":"pl","translations":{"pl":4750,"en":5101},"pll_sync_post":[],"_links":{"self":[{"href":"https:\/\/czemunie24.com\/index.php?rest_route=\/wp\/v2\/product\/4750","targetHints":{"allow":["GET"]}}],"collection":[{"href":"https:\/\/czemunie24.com\/index.php?rest_route=\/wp\/v2\/product"}],"about":[{"href":"https:\/\/czemunie24.com\/index.php?rest_route=\/wp\/v2\/types\/product"}],"version-history":[{"count":6,"href":"https:\/\/czemunie24.com\/index.php?rest_route=\/wp\/v2\/product\/4750\/revisions"}],"predecessor-version":[{"id":5580,"href":"https:\/\/czemunie24.com\/index.php?rest_route=\/wp\/v2\/product\/4750\/revisions\/5580"}],"wp:featuredmedia":[{"embeddable":true,"href":"https:\/\/czemunie24.com\/index.php?rest_route=\/wp\/v2\/media\/5102"}],"wp:attachment":[{"href":"https:\/\/czemunie24.com\/index.php?rest_route=%2Fwp%2Fv2%2Fmedia&parent=4750"}],"wp:term":[{"taxonomy":"product_brand","embeddable":true,"href":"https:\/\/czemunie24.com\/index.php?rest_route=%2Fwp%2Fv2%2Fproduct_brand&post=4750"},{"taxonomy":"product_cat","embeddable":true,"href":"https:\/\/czemunie24.com\/index.php?rest_route=%2Fwp%2Fv2%2Fproduct_cat&post=4750"},{"taxonomy":"product_tag","embeddable":true,"href":"https:\/\/czemunie24.com\/index.php?rest_route=%2Fwp%2Fv2%2Fproduct_tag&post=4750"}],"curies":[{"name":"wp","href":"https:\/\/api.w.org\/{rel}","templated":true}]}}