{"id":4772,"date":"2025-11-04T12:17:32","date_gmt":"2025-11-04T11:17:32","guid":{"rendered":"https:\/\/czemunie24.com\/?post_type=product&#038;p=4772"},"modified":"2026-01-06T17:29:54","modified_gmt":"2026-01-06T16:29:54","slug":"holder","status":"publish","type":"product","link":"https:\/\/czemunie24.com\/?product=holder&lang=pl","title":{"rendered":"Holder"},"content":{"rendered":"<p data-wp-editing=\"1\"><a href=\"https:\/\/czemunie24.com\/wp-content\/uploads\/2025\/11\/HOL-1.jpg\"><img decoding=\"async\" class=\"alignnone wp-image-4781\" src=\"https:\/\/czemunie24.com\/wp-content\/uploads\/2025\/11\/HOL-1-212x300.jpg\" alt=\"\" width=\"180\" height=\"255\" srcset=\"https:\/\/czemunie24.com\/wp-content\/uploads\/2025\/11\/HOL-1-212x300.jpg 212w, https:\/\/czemunie24.com\/wp-content\/uploads\/2025\/11\/HOL-1-724x1024.jpg 724w, https:\/\/czemunie24.com\/wp-content\/uploads\/2025\/11\/HOL-1-768x1087.jpg 768w, https:\/\/czemunie24.com\/wp-content\/uploads\/2025\/11\/HOL-1-1086x1536.jpg 1086w, https:\/\/czemunie24.com\/wp-content\/uploads\/2025\/11\/HOL-1-600x849.jpg 600w, https:\/\/czemunie24.com\/wp-content\/uploads\/2025\/11\/HOL-1-38x54.jpg 38w, https:\/\/czemunie24.com\/wp-content\/uploads\/2025\/11\/HOL-1.jpg 1239w\" sizes=\"(max-width: 180px) 100vw, 180px\" \/><\/a> <a href=\"https:\/\/czemunie24.com\/wp-content\/uploads\/2025\/11\/hol-6.jpg\"><img decoding=\"async\" class=\"alignnone wp-image-4780\" src=\"https:\/\/czemunie24.com\/wp-content\/uploads\/2025\/11\/hol-6-212x300.jpg\" alt=\"\" width=\"180\" height=\"255\" srcset=\"https:\/\/czemunie24.com\/wp-content\/uploads\/2025\/11\/hol-6-212x300.jpg 212w, https:\/\/czemunie24.com\/wp-content\/uploads\/2025\/11\/hol-6-724x1024.jpg 724w, https:\/\/czemunie24.com\/wp-content\/uploads\/2025\/11\/hol-6-768x1087.jpg 768w, https:\/\/czemunie24.com\/wp-content\/uploads\/2025\/11\/hol-6-1086x1536.jpg 1086w, https:\/\/czemunie24.com\/wp-content\/uploads\/2025\/11\/hol-6-600x849.jpg 600w, https:\/\/czemunie24.com\/wp-content\/uploads\/2025\/11\/hol-6-38x54.jpg 38w, https:\/\/czemunie24.com\/wp-content\/uploads\/2025\/11\/hol-6.jpg 1239w\" sizes=\"(max-width: 180px) 100vw, 180px\" \/><\/a> <a href=\"https:\/\/czemunie24.com\/wp-content\/uploads\/2025\/11\/hol-5.jpg\"><img decoding=\"async\" class=\"alignnone wp-image-4779\" src=\"https:\/\/czemunie24.com\/wp-content\/uploads\/2025\/11\/hol-5-212x300.jpg\" alt=\"\" width=\"180\" height=\"255\" srcset=\"https:\/\/czemunie24.com\/wp-content\/uploads\/2025\/11\/hol-5-212x300.jpg 212w, https:\/\/czemunie24.com\/wp-content\/uploads\/2025\/11\/hol-5-724x1024.jpg 724w, https:\/\/czemunie24.com\/wp-content\/uploads\/2025\/11\/hol-5-768x1087.jpg 768w, https:\/\/czemunie24.com\/wp-content\/uploads\/2025\/11\/hol-5-1086x1536.jpg 1086w, https:\/\/czemunie24.com\/wp-content\/uploads\/2025\/11\/hol-5-600x849.jpg 600w, https:\/\/czemunie24.com\/wp-content\/uploads\/2025\/11\/hol-5-38x54.jpg 38w, https:\/\/czemunie24.com\/wp-content\/uploads\/2025\/11\/hol-5.jpg 1239w\" sizes=\"(max-width: 180px) 100vw, 180px\" \/><\/a> <a href=\"https:\/\/czemunie24.com\/wp-content\/uploads\/2025\/11\/hol-4.jpg\"><img loading=\"lazy\" decoding=\"async\" class=\"alignnone wp-image-4778\" src=\"https:\/\/czemunie24.com\/wp-content\/uploads\/2025\/11\/hol-4-212x300.jpg\" alt=\"\" width=\"180\" height=\"255\" srcset=\"https:\/\/czemunie24.com\/wp-content\/uploads\/2025\/11\/hol-4-212x300.jpg 212w, https:\/\/czemunie24.com\/wp-content\/uploads\/2025\/11\/hol-4-724x1024.jpg 724w, https:\/\/czemunie24.com\/wp-content\/uploads\/2025\/11\/hol-4-768x1087.jpg 768w, https:\/\/czemunie24.com\/wp-content\/uploads\/2025\/11\/hol-4-1086x1536.jpg 1086w, https:\/\/czemunie24.com\/wp-content\/uploads\/2025\/11\/hol-4-600x849.jpg 600w, https:\/\/czemunie24.com\/wp-content\/uploads\/2025\/11\/hol-4-38x54.jpg 38w, https:\/\/czemunie24.com\/wp-content\/uploads\/2025\/11\/hol-4.jpg 1239w\" sizes=\"(max-width: 180px) 100vw, 180px\" \/><\/a> <a href=\"https:\/\/czemunie24.com\/wp-content\/uploads\/2025\/11\/hol-3.jpg\"><img loading=\"lazy\" decoding=\"async\" class=\"alignnone wp-image-4777\" src=\"https:\/\/czemunie24.com\/wp-content\/uploads\/2025\/11\/hol-3-212x300.jpg\" alt=\"\" width=\"180\" height=\"255\" srcset=\"https:\/\/czemunie24.com\/wp-content\/uploads\/2025\/11\/hol-3-212x300.jpg 212w, https:\/\/czemunie24.com\/wp-content\/uploads\/2025\/11\/hol-3-724x1024.jpg 724w, https:\/\/czemunie24.com\/wp-content\/uploads\/2025\/11\/hol-3-768x1087.jpg 768w, https:\/\/czemunie24.com\/wp-content\/uploads\/2025\/11\/hol-3-1086x1536.jpg 1086w, https:\/\/czemunie24.com\/wp-content\/uploads\/2025\/11\/hol-3-600x849.jpg 600w, https:\/\/czemunie24.com\/wp-content\/uploads\/2025\/11\/hol-3-38x54.jpg 38w, https:\/\/czemunie24.com\/wp-content\/uploads\/2025\/11\/hol-3.jpg 1239w\" sizes=\"(max-width: 180px) 100vw, 180px\" \/><\/a><a href=\"https:\/\/czemunie24.com\/wp-content\/uploads\/2025\/11\/hol-2.jpg\"><img loading=\"lazy\" decoding=\"async\" class=\"alignnone wp-image-4776\" src=\"https:\/\/czemunie24.com\/wp-content\/uploads\/2025\/11\/hol-2-212x300.jpg\" alt=\"\" width=\"180\" height=\"255\" srcset=\"https:\/\/czemunie24.com\/wp-content\/uploads\/2025\/11\/hol-2-212x300.jpg 212w, https:\/\/czemunie24.com\/wp-content\/uploads\/2025\/11\/hol-2-724x1024.jpg 724w, https:\/\/czemunie24.com\/wp-content\/uploads\/2025\/11\/hol-2-768x1087.jpg 768w, https:\/\/czemunie24.com\/wp-content\/uploads\/2025\/11\/hol-2-1086x1536.jpg 1086w, https:\/\/czemunie24.com\/wp-content\/uploads\/2025\/11\/hol-2-600x849.jpg 600w, https:\/\/czemunie24.com\/wp-content\/uploads\/2025\/11\/hol-2-38x54.jpg 38w, https:\/\/czemunie24.com\/wp-content\/uploads\/2025\/11\/hol-2.jpg 1239w\" sizes=\"(max-width: 180px) 100vw, 180px\" \/><\/a><\/p>\n<p>Produkt ten cechuje si\u0119 funkcjonalno\u015bci\u0105 oraz estetyk\u0105 \u2014 zapewnia ochron\u0119 przechowywanych przedmiot\u00f3w, a jednocze\u015bnie pe\u0142ni rol\u0119 subtelnej reklamy na targach, konferencjach lub jako upominek dla klient\u00f3w i partner\u00f3w biznesowych. Holdery reklamowe s\u0105 dost\u0119pne w r\u00f3\u017cnych rozmiarach i kszta\u0142tach, co pozwala dopasowa\u0107 je do specyfiki kampanii i potrzeb marketingowych. Dzi\u0119ki swojej praktyczno\u015bci i mo\u017cliwo\u015bci personalizacji skutecznie wspieraj\u0105 budowanie rozpoznawalno\u015bci marki oraz pozytywnego wizerunku firmy.<\/p>\n","protected":false},"excerpt":{"rendered":"<ul>\n<li>r\u00f3\u017cne kszta\u0142ty i rozmiary<\/li>\n<li>du\u017ce mo\u017cliwo\u015bci personalizacji<\/li>\n<\/ul>\n","protected":false},"featured_media":5248,"template":"","meta":[],"product_brand":[],"product_cat":[99],"product_tag":[],"class_list":{"0":"post-4772","1":"product","2":"type-product","3":"status-publish","4":"has-post-thumbnail","6":"product_cat-holdery","8":"first","9":"instock","10":"shipping-taxable","11":"product-type-simple"},"lang":"pl","translations":{"pl":4772,"en":5247},"pll_sync_post":[],"_links":{"self":[{"href":"https:\/\/czemunie24.com\/index.php?rest_route=\/wp\/v2\/product\/4772","targetHints":{"allow":["GET"]}}],"collection":[{"href":"https:\/\/czemunie24.com\/index.php?rest_route=\/wp\/v2\/product"}],"about":[{"href":"https:\/\/czemunie24.com\/index.php?rest_route=\/wp\/v2\/types\/product"}],"version-history":[{"count":11,"href":"https:\/\/czemunie24.com\/index.php?rest_route=\/wp\/v2\/product\/4772\/revisions"}],"predecessor-version":[{"id":5592,"href":"https:\/\/czemunie24.com\/index.php?rest_route=\/wp\/v2\/product\/4772\/revisions\/5592"}],"wp:featuredmedia":[{"embeddable":true,"href":"https:\/\/czemunie24.com\/index.php?rest_route=\/wp\/v2\/media\/5248"}],"wp:attachment":[{"href":"https:\/\/czemunie24.com\/index.php?rest_route=%2Fwp%2Fv2%2Fmedia&parent=4772"}],"wp:term":[{"taxonomy":"product_brand","embeddable":true,"href":"https:\/\/czemunie24.com\/index.php?rest_route=%2Fwp%2Fv2%2Fproduct_brand&post=4772"},{"taxonomy":"product_cat","embeddable":true,"href":"https:\/\/czemunie24.com\/index.php?rest_route=%2Fwp%2Fv2%2Fproduct_cat&post=4772"},{"taxonomy":"product_tag","embeddable":true,"href":"https:\/\/czemunie24.com\/index.php?rest_route=%2Fwp%2Fv2%2Fproduct_tag&post=4772"}],"curies":[{"name":"wp","href":"https:\/\/api.w.org\/{rel}","templated":true}]}}