{"id":4873,"date":"2025-11-07T13:27:47","date_gmt":"2025-11-07T12:27:47","guid":{"rendered":"https:\/\/czemunie24.com\/?post_type=product&#038;p=4873"},"modified":"2025-11-18T22:48:59","modified_gmt":"2025-11-18T21:48:59","slug":"opaski-festiwalowe","status":"publish","type":"product","link":"https:\/\/czemunie24.com\/?product=opaski-festiwalowe&lang=pl","title":{"rendered":"Opaski festiwalowe"},"content":{"rendered":"<p><strong>Opaski festiwalowe <\/strong>i smycze festiwalowe to niezb\u0119dne akcesoria na wydarzeniach masowych, takich jak koncerty, festiwale czy eventy sportowe \u2013 s\u0142u\u017c\u0105 zar\u00f3wno identyfikacji uczestnik\u00f3w, jak i budowaniu rozpoznawalno\u015bci marki.<\/p>\n<p>Opaski festiwalowe s\u0105 zazwyczaj wykonane z materia\u0142\u00f3w odpornych na uszkodzenia, takich jak Tyvek, winyl czy silikon. Ich jednorazowe zapi\u0119cie uniemo\u017cliwia wymian\u0119 mi\u0119dzy uczestnikami, zapewnia skuteczn\u0105 kontrol\u0119 dost\u0119pu oraz pomaga zapobiega\u0107 nadu\u017cyciom. Personalizacja opasek umo\u017cliwia umieszczanie logo, kolor\u00f3w i grafik nawi\u0105zuj\u0105cych do marki lub motywu przewodniego wydarzenia, co zwi\u0119ksza jej widoczno\u015b\u0107 w\u015br\u00f3d uczestnik\u00f3w. Dodatkowe funkcje, takie jak kody QR czy kupony na jedzenie, usprawniaj\u0105 obs\u0142ug\u0119 festiwalu oraz daj\u0105 szersze mo\u017cliwo\u015bci organizacyjne.<\/p>\n","protected":false},"excerpt":{"rendered":"<p>Opaski festiwalowe i smycze festiwalowe to niezb\u0119dne akcesoria na wydarzeniach masowych, takich jak koncerty, festiwale czy eventy sportowe \u2013 s\u0142u\u017c\u0105 zar\u00f3wno identyfikacji uczestnik\u00f3w, jak i budowaniu rozpoznawalno\u015bci marki. Opaski festiwalowe s\u0105 zazwyczaj wykonane z materia\u0142\u00f3w odpornych na uszkodzenia, takich jak Tyvek, winyl czy silikon. Ich jednorazowe zapi\u0119cie uniemo\u017cliwia wymian\u0119 mi\u0119dzy uczestnikami, zapewnia skuteczn\u0105 kontrol\u0119 dost\u0119pu<\/p>\n<div class=\"klb-readmore button\"><a class=\"btn link\" href=\"https:\/\/czemunie24.com\/?product=opaski-festiwalowe&#038;lang=pl\">Read More <i class=\"klbth-icon-right-arrow\"><\/i><\/a><\/div>\n","protected":false},"featured_media":5296,"template":"","meta":[],"product_brand":[],"product_cat":[79],"product_tag":[],"class_list":{"0":"post-4873","1":"product","2":"type-product","3":"status-publish","4":"has-post-thumbnail","6":"product_cat-smycze-reklamowe","8":"first","9":"instock","10":"shipping-taxable","11":"product-type-simple"},"lang":"pl","translations":{"pl":4873,"en":5295},"pll_sync_post":[],"_links":{"self":[{"href":"https:\/\/czemunie24.com\/index.php?rest_route=\/wp\/v2\/product\/4873","targetHints":{"allow":["GET"]}}],"collection":[{"href":"https:\/\/czemunie24.com\/index.php?rest_route=\/wp\/v2\/product"}],"about":[{"href":"https:\/\/czemunie24.com\/index.php?rest_route=\/wp\/v2\/types\/product"}],"version-history":[{"count":1,"href":"https:\/\/czemunie24.com\/index.php?rest_route=\/wp\/v2\/product\/4873\/revisions"}],"predecessor-version":[{"id":4875,"href":"https:\/\/czemunie24.com\/index.php?rest_route=\/wp\/v2\/product\/4873\/revisions\/4875"}],"wp:featuredmedia":[{"embeddable":true,"href":"https:\/\/czemunie24.com\/index.php?rest_route=\/wp\/v2\/media\/5296"}],"wp:attachment":[{"href":"https:\/\/czemunie24.com\/index.php?rest_route=%2Fwp%2Fv2%2Fmedia&parent=4873"}],"wp:term":[{"taxonomy":"product_brand","embeddable":true,"href":"https:\/\/czemunie24.com\/index.php?rest_route=%2Fwp%2Fv2%2Fproduct_brand&post=4873"},{"taxonomy":"product_cat","embeddable":true,"href":"https:\/\/czemunie24.com\/index.php?rest_route=%2Fwp%2Fv2%2Fproduct_cat&post=4873"},{"taxonomy":"product_tag","embeddable":true,"href":"https:\/\/czemunie24.com\/index.php?rest_route=%2Fwp%2Fv2%2Fproduct_tag&post=4873"}],"curies":[{"name":"wp","href":"https:\/\/api.w.org\/{rel}","templated":true}]}}