{"id":5223,"date":"2025-11-18T21:30:47","date_gmt":"2025-11-18T20:30:47","guid":{"rendered":"https:\/\/czemunie24.com\/?post_type=product&#038;p=5223"},"modified":"2026-01-06T17:27:05","modified_gmt":"2026-01-06T16:27:05","slug":"torba-bawelniana","status":"publish","type":"product","link":"https:\/\/czemunie24.com\/?product=torba-bawelniana&lang=pl","title":{"rendered":"Torba bawe\u0142niana"},"content":{"rendered":"<h3 data-start=\"70\" data-end=\"169\"><strong data-start=\"74\" data-end=\"169\"><a href=\"https:\/\/czemunie24.com\/wp-content\/uploads\/2025\/11\/Torba-bawelniana-z-Twoim-wlasnym-nadrukiem-materialowa-EKO-ekologiczna-EAN-GTIN-5903624305085.jpg\"><img fetchpriority=\"high\" decoding=\"async\" class=\"size-medium wp-image-5587 alignright\" src=\"https:\/\/czemunie24.com\/wp-content\/uploads\/2025\/11\/Torba-bawelniana-z-Twoim-wlasnym-nadrukiem-materialowa-EKO-ekologiczna-EAN-GTIN-5903624305085-300x300.jpg\" alt=\"\" width=\"300\" height=\"300\" srcset=\"https:\/\/czemunie24.com\/wp-content\/uploads\/2025\/11\/Torba-bawelniana-z-Twoim-wlasnym-nadrukiem-materialowa-EKO-ekologiczna-EAN-GTIN-5903624305085-300x300.jpg 300w, https:\/\/czemunie24.com\/wp-content\/uploads\/2025\/11\/Torba-bawelniana-z-Twoim-wlasnym-nadrukiem-materialowa-EKO-ekologiczna-EAN-GTIN-5903624305085-150x150.jpg 150w, https:\/\/czemunie24.com\/wp-content\/uploads\/2025\/11\/Torba-bawelniana-z-Twoim-wlasnym-nadrukiem-materialowa-EKO-ekologiczna-EAN-GTIN-5903624305085-450x450.jpg 450w, https:\/\/czemunie24.com\/wp-content\/uploads\/2025\/11\/Torba-bawelniana-z-Twoim-wlasnym-nadrukiem-materialowa-EKO-ekologiczna-EAN-GTIN-5903624305085-600x600.jpg 600w, https:\/\/czemunie24.com\/wp-content\/uploads\/2025\/11\/Torba-bawelniana-z-Twoim-wlasnym-nadrukiem-materialowa-EKO-ekologiczna-EAN-GTIN-5903624305085-54x54.jpg 54w, https:\/\/czemunie24.com\/wp-content\/uploads\/2025\/11\/Torba-bawelniana-z-Twoim-wlasnym-nadrukiem-materialowa-EKO-ekologiczna-EAN-GTIN-5903624305085.jpg 720w\" sizes=\"(max-width: 300px) 100vw, 300px\" \/><\/a>Torba bawe\u0142niana z w\u0142asnym nadrukiem firmowym \u2013 ekologiczna, praktyczna i skuteczna reklama<\/strong><\/h3>\n<p data-start=\"171\" data-end=\"523\">Torba bawe\u0142niana z indywidualnym nadrukiem to jeden z najbardziej uniwersalnych i trwa\u0142ych gad\u017cet\u00f3w reklamowych. Wykonana z wysokiej jako\u015bci bawe\u0142ny, jest przyjazna dla \u015brodowiska, wytrzyma\u0142a i wielokrotnego u\u017cytku. Dzi\u0119ki temu Twoja marka mo\u017ce towarzyszy\u0107 klientom ka\u017cdego dnia \u2013 podczas zakup\u00f3w, dojazd\u00f3w do pracy, na uczelni\u0119 czy wyjazdy weekendowe.<\/p>\n<p data-start=\"525\" data-end=\"779\">Mo\u017cliwo\u015b\u0107 pe\u0142nej personalizacji nadruku pozwala stworzy\u0107 wyj\u0105tkowy projekt dopasowany do identyfikacji wizualnej firmy. Logo, has\u0142o, grafika czy dedykowany wz\u00f3r \u2013 torba staje si\u0119 mobiln\u0105 reklam\u0105, kt\u00f3ra zwraca uwag\u0119 i buduje pozytywne skojarzenia z mark\u0105.<\/p>\n<p data-start=\"781\" data-end=\"1005\">Dzi\u0119ki du\u017cej powierzchni znakowania oraz szerokim opcjom kolorystycznym torby bawe\u0142niane sprawdzaj\u0105 si\u0119 idealnie jako upominki na targi, eventy, konferencje, akcje promocyjne czy pakiety powitalne dla klient\u00f3w i pracownik\u00f3w.<\/p>\n<h3 data-start=\"1012\" data-end=\"1053\"><strong data-start=\"1016\" data-end=\"1053\">Najwa\u017cniejsze atuty w 3 punktach:<\/strong><\/h3>\n<ul data-start=\"1054\" data-end=\"1400\">\n<li data-start=\"1054\" data-end=\"1187\">\n<p data-start=\"1056\" data-end=\"1187\"><strong data-start=\"1056\" data-end=\"1079\">Praktyczny rozmiar:<\/strong> najcz\u0119\u015bciej dost\u0119pne formaty 38\u00d742 cm lub wi\u0119ksze \u2013 idealne na zakupy, dokumenty i codzienne u\u017cytkowanie.<\/p>\n<\/li>\n<li data-start=\"1188\" data-end=\"1300\">\n<p data-start=\"1190\" data-end=\"1300\"><strong data-start=\"1190\" data-end=\"1217\">R\u00f3\u017cne techniki nadruku:<\/strong> sitodruk, transfer, DTG lub haft \u2013 gwarancja trwa\u0142ego i efektownego oznakowania.<\/p>\n<\/li>\n<li data-start=\"1301\" data-end=\"1400\">\n<p data-start=\"1303\" data-end=\"1400\"><strong data-start=\"1303\" data-end=\"1325\">Ekologiczny wyb\u00f3r:<\/strong> torba wykonana z naturalnej bawe\u0142ny, wielorazowa i zgodna z trendem \u201eeko\u201d.<\/p>\n<\/li>\n<\/ul>\n","protected":false},"excerpt":{"rendered":"<ul>\n<li data-start=\"1054\" data-end=\"1187\">\n<p data-start=\"1056\" data-end=\"1187\">Praktyczny rozmiar<\/p>\n<\/li>\n<li data-start=\"1188\" data-end=\"1300\">\n<p data-start=\"1190\" data-end=\"1300\">R\u00f3\u017cne techniki nadruku<\/p>\n<\/li>\n<li data-start=\"1301\" data-end=\"1400\">\n<p data-start=\"1303\" data-end=\"1400\">Ekologiczny wyb\u00f3r<\/p>\n<\/li>\n<\/ul>\n","protected":false},"featured_media":5585,"template":"","meta":[],"product_brand":[],"product_cat":[87],"product_tag":[],"class_list":{"0":"post-5223","1":"product","2":"type-product","3":"status-publish","4":"has-post-thumbnail","6":"product_cat-torby-bawelniane","8":"first","9":"instock","10":"shipping-taxable","11":"product-type-simple"},"lang":"pl","translations":{"pl":5223,"en":5232},"pll_sync_post":[],"_links":{"self":[{"href":"https:\/\/czemunie24.com\/index.php?rest_route=\/wp\/v2\/product\/5223","targetHints":{"allow":["GET"]}}],"collection":[{"href":"https:\/\/czemunie24.com\/index.php?rest_route=\/wp\/v2\/product"}],"about":[{"href":"https:\/\/czemunie24.com\/index.php?rest_route=\/wp\/v2\/types\/product"}],"version-history":[{"count":6,"href":"https:\/\/czemunie24.com\/index.php?rest_route=\/wp\/v2\/product\/5223\/revisions"}],"predecessor-version":[{"id":5590,"href":"https:\/\/czemunie24.com\/index.php?rest_route=\/wp\/v2\/product\/5223\/revisions\/5590"}],"wp:featuredmedia":[{"embeddable":true,"href":"https:\/\/czemunie24.com\/index.php?rest_route=\/wp\/v2\/media\/5585"}],"wp:attachment":[{"href":"https:\/\/czemunie24.com\/index.php?rest_route=%2Fwp%2Fv2%2Fmedia&parent=5223"}],"wp:term":[{"taxonomy":"product_brand","embeddable":true,"href":"https:\/\/czemunie24.com\/index.php?rest_route=%2Fwp%2Fv2%2Fproduct_brand&post=5223"},{"taxonomy":"product_cat","embeddable":true,"href":"https:\/\/czemunie24.com\/index.php?rest_route=%2Fwp%2Fv2%2Fproduct_cat&post=5223"},{"taxonomy":"product_tag","embeddable":true,"href":"https:\/\/czemunie24.com\/index.php?rest_route=%2Fwp%2Fv2%2Fproduct_tag&post=5223"}],"curies":[{"name":"wp","href":"https:\/\/api.w.org\/{rel}","templated":true}]}}