{"id":5482,"date":"2025-12-04T18:14:28","date_gmt":"2025-12-04T17:14:28","guid":{"rendered":"https:\/\/czemunie24.com\/?post_type=product&#038;p=5482"},"modified":"2026-01-05T17:22:59","modified_gmt":"2026-01-05T16:22:59","slug":"smycze-naszywane","status":"publish","type":"product","link":"https:\/\/czemunie24.com\/?product=smycze-naszywane&lang=pl","title":{"rendered":"Smycze naszywane"},"content":{"rendered":"<h3 data-start=\"261\" data-end=\"344\">Smycze naszywane z w\u0142asnym nadrukiem \u2013 wyj\u0105tkowa trwa\u0142o\u015b\u0107 i presti\u017cowy wygl\u0105d<\/h3>\n<p data-start=\"346\" data-end=\"756\"><strong data-start=\"346\" data-end=\"366\">Smycze naszywane<\/strong> to jedne z najbardziej eleganckich i wytrzyma\u0142ych modeli dost\u0119pnych w ofercie gad\u017cet\u00f3w reklamowych. Powstaj\u0105 poprzez naszycie wysokiej jako\u015bci ta\u015bmy z nadrukiem (np. satynowej lub \u017cakardowej) na solidn\u0105, mocn\u0105 ta\u015bm\u0119 bazow\u0105. Dzi\u0119ki temu \u0142\u0105cz\u0105 w sobie <strong data-start=\"617\" data-end=\"663\">trwa\u0142o\u015b\u0107, estetyk\u0119 i ekskluzywny charakter<\/strong>, idealnie sprawdzaj\u0105c si\u0119 jako produkt premium dla firm dbaj\u0105cych o profesjonalny wizerunek.<\/p>\n<p data-start=\"758\" data-end=\"934\">Ta metoda produkcji sprawia, \u017ce nadruk pozostaje intensywny i odporny na \u015bcieranie, a sama smycz zachowuje sw\u00f3j idealny wygl\u0105d nawet przy codziennym, intensywnym u\u017cytkowaniu.<\/p>\n<p><strong data-start=\"946\" data-end=\"972\">Specyfikacja produktu:<\/strong><\/p>\n<ul data-start=\"973\" data-end=\"1415\">\n<li data-start=\"973\" data-end=\"1028\">\n<p data-start=\"975\" data-end=\"1028\">dost\u0119pne szeroko\u015bci: <strong data-start=\"996\" data-end=\"1026\">10 mm, 15 mm, 20 mm, 25 mm<\/strong><\/p>\n<\/li>\n<li data-start=\"1029\" data-end=\"1077\">\n<p data-start=\"1031\" data-end=\"1077\">materia\u0142 g\u0142\u00f3wny: <strong data-start=\"1048\" data-end=\"1075\">mocna ta\u015bma poliestrowa<\/strong><\/p>\n<\/li>\n<li data-start=\"1078\" data-end=\"1160\">\n<p data-start=\"1080\" data-end=\"1160\">wierzchnia ta\u015bma ozdobna: <strong data-start=\"1106\" data-end=\"1158\">satyna \/ ta\u015bma \u017cakardowa \/ materia\u0142 sublimacyjny<\/strong><\/p>\n<\/li>\n<li data-start=\"1161\" data-end=\"1244\">\n<p data-start=\"1163\" data-end=\"1244\">technika nadruku na warstwie naszywanej: <strong data-start=\"1204\" data-end=\"1242\">sublimacja, \u017cakard, haft maszynowy<\/strong><\/p>\n<\/li>\n<li data-start=\"1245\" data-end=\"1300\">\n<p data-start=\"1247\" data-end=\"1300\">nadruk zabezpieczony przed blakni\u0119ciem i \u015bcieraniem<\/p>\n<\/li>\n<li data-start=\"1301\" data-end=\"1415\">\n<p data-start=\"1303\" data-end=\"1415\">mo\u017cliwo\u015b\u0107 wyboru karabi\u0144czyk\u00f3w, zapi\u0119\u0107 i akcesori\u00f3w: <strong data-start=\"1356\" data-end=\"1413\">bezpiecze\u0144stwa, k\u00f3\u0142ka, przelotki, uchwyty do telefonu<\/strong><\/p>\n<p>&nbsp;<\/li>\n<\/ul>\n<h4 data-start=\"1422\" data-end=\"1470\"><strong data-start=\"1427\" data-end=\"1470\">Najwa\u017cniejsze cechy smyczy naszywanych:<\/strong><\/h4>\n<ul data-start=\"1471\" data-end=\"1784\">\n<li data-start=\"1471\" data-end=\"1544\">\n<p data-start=\"1473\" data-end=\"1544\"><strong data-start=\"1473\" data-end=\"1506\">Niezwykle wysoka wytrzyma\u0142o\u015b\u0107<\/strong> \u2013 dzi\u0119ki podw\u00f3jnej strukturze ta\u015bmy<\/p>\n<\/li>\n<li data-start=\"1545\" data-end=\"1608\">\n<p data-start=\"1547\" data-end=\"1608\"><strong data-start=\"1547\" data-end=\"1569\">Ekskluzywny wygl\u0105d<\/strong> \u2013 warstwa naszywana dodaje elegancji<\/p>\n<\/li>\n<li data-start=\"1609\" data-end=\"1668\">\n<p data-start=\"1611\" data-end=\"1668\"><strong data-start=\"1611\" data-end=\"1628\">Trwa\u0142y nadruk<\/strong> \u2013 idealny do intensywnego u\u017cytkowania<\/p>\n<\/li>\n<li data-start=\"1669\" data-end=\"1741\">\n<p data-start=\"1671\" data-end=\"1741\"><strong data-start=\"1671\" data-end=\"1693\">Widoczno\u015b\u0107 nadruku<\/strong> \u2013 naszywana ta\u015bma doskonale eksponuje grafik\u0119<\/p>\n<\/li>\n<li data-start=\"1742\" data-end=\"1784\">\n<p data-start=\"1744\" data-end=\"1784\"><strong data-start=\"1744\" data-end=\"1782\">Szeroki wyb\u00f3r rozmiar\u00f3w i dodatk\u00f3w<\/strong><\/p>\n<\/li>\n<\/ul>\n<h4 data-start=\"1791\" data-end=\"1813\"><strong data-start=\"1796\" data-end=\"1813\">Zastosowanie:<\/strong><\/h4>\n<p data-start=\"1814\" data-end=\"1899\">Smycze naszywane polecane s\u0105 szczeg\u00f3lnie tam, gdzie liczy si\u0119 elegancja i trwa\u0142o\u015b\u0107:<\/p>\n<ul data-start=\"1900\" data-end=\"2157\">\n<li data-start=\"1900\" data-end=\"1950\">\n<p data-start=\"1902\" data-end=\"1950\">identyfikatory pracownicze w bran\u017cach premium,<\/p>\n<\/li>\n<li data-start=\"1951\" data-end=\"1991\">\n<p data-start=\"1953\" data-end=\"1991\">eventy bran\u017cowe, konferencje, targi,<\/p>\n<\/li>\n<li data-start=\"1992\" data-end=\"2052\">\n<p data-start=\"1994\" data-end=\"2052\">agencje reklamowe i firmy stawiaj\u0105ce na gad\u017cety premium,<\/p>\n<\/li>\n<li data-start=\"2053\" data-end=\"2104\">\n<p data-start=\"2055\" data-end=\"2104\">klucze, telefony, akcesoria codziennego u\u017cytku,<\/p>\n<\/li>\n<li data-start=\"2105\" data-end=\"2157\">\n<p data-start=\"2107\" data-end=\"2157\">produkt sprzeda\u017cowy o wy\u017cszej p\u00f3\u0142ce jako\u015bciowej.<\/p>\n<\/li>\n<\/ul>\n<h4 data-start=\"2164\" data-end=\"2199\"><strong data-start=\"2169\" data-end=\"2199\">Zalety smyczy naszywanych:<\/strong><\/h4>\n<p data-start=\"2200\" data-end=\"2407\">\u2705 Bardzo wysoka odporno\u015b\u0107 na zu\u017cycie<br data-start=\"2236\" data-end=\"2239\" \/>\u2705 Luksusowy wygl\u0105d \u2013 idealne do reprezentacyjnych zastosowa\u0144<br data-start=\"2299\" data-end=\"2302\" \/>\u2705 Szeroka personalizacja: szeroko\u015bci, akcesoria, rodzaje ta\u015bm<br data-start=\"2363\" data-end=\"2366\" \/>\u2705 \u015awietna widoczno\u015b\u0107 logotyp\u00f3w i grafik<\/p>\n<p data-start=\"2200\" data-end=\"2407\">\n","protected":false},"excerpt":{"rendered":"<p><a href=\"https:\/\/czemunie24.com\/wp-content\/uploads\/2025\/12\/warianty-1.jpg\"><img fetchpriority=\"high\" decoding=\"async\" class=\"alignnone wp-image-5569\" src=\"https:\/\/czemunie24.com\/wp-content\/uploads\/2025\/12\/warianty-1-300x300.jpg\" alt=\"\" width=\"500\" height=\"500\" srcset=\"https:\/\/czemunie24.com\/wp-content\/uploads\/2025\/12\/warianty-1-300x300.jpg 300w, https:\/\/czemunie24.com\/wp-content\/uploads\/2025\/12\/warianty-1-150x150.jpg 150w, https:\/\/czemunie24.com\/wp-content\/uploads\/2025\/12\/warianty-1-768x768.jpg 768w, https:\/\/czemunie24.com\/wp-content\/uploads\/2025\/12\/warianty-1-450x450.jpg 450w, https:\/\/czemunie24.com\/wp-content\/uploads\/2025\/12\/warianty-1-600x600.jpg 600w, https:\/\/czemunie24.com\/wp-content\/uploads\/2025\/12\/warianty-1-54x54.jpg 54w, https:\/\/czemunie24.com\/wp-content\/uploads\/2025\/12\/warianty-1.jpg 1024w\" sizes=\"(max-width: 500px) 100vw, 500px\" \/><\/a><\/p>\n","protected":false},"featured_media":5495,"template":"","meta":[],"product_brand":[],"product_cat":[79,536],"product_tag":[],"class_list":{"0":"post-5482","1":"product","2":"type-product","3":"status-publish","4":"has-post-thumbnail","6":"product_cat-smycze-reklamowe","7":"product_cat-smycze-naszywane-pl","9":"first","10":"instock","11":"shipping-taxable","12":"product-type-simple"},"lang":"pl","translations":{"pl":5482,"en":5498},"pll_sync_post":[],"_links":{"self":[{"href":"https:\/\/czemunie24.com\/index.php?rest_route=\/wp\/v2\/product\/5482","targetHints":{"allow":["GET"]}}],"collection":[{"href":"https:\/\/czemunie24.com\/index.php?rest_route=\/wp\/v2\/product"}],"about":[{"href":"https:\/\/czemunie24.com\/index.php?rest_route=\/wp\/v2\/types\/product"}],"version-history":[{"count":6,"href":"https:\/\/czemunie24.com\/index.php?rest_route=\/wp\/v2\/product\/5482\/revisions"}],"predecessor-version":[{"id":5571,"href":"https:\/\/czemunie24.com\/index.php?rest_route=\/wp\/v2\/product\/5482\/revisions\/5571"}],"wp:featuredmedia":[{"embeddable":true,"href":"https:\/\/czemunie24.com\/index.php?rest_route=\/wp\/v2\/media\/5495"}],"wp:attachment":[{"href":"https:\/\/czemunie24.com\/index.php?rest_route=%2Fwp%2Fv2%2Fmedia&parent=5482"}],"wp:term":[{"taxonomy":"product_brand","embeddable":true,"href":"https:\/\/czemunie24.com\/index.php?rest_route=%2Fwp%2Fv2%2Fproduct_brand&post=5482"},{"taxonomy":"product_cat","embeddable":true,"href":"https:\/\/czemunie24.com\/index.php?rest_route=%2Fwp%2Fv2%2Fproduct_cat&post=5482"},{"taxonomy":"product_tag","embeddable":true,"href":"https:\/\/czemunie24.com\/index.php?rest_route=%2Fwp%2Fv2%2Fproduct_tag&post=5482"}],"curies":[{"name":"wp","href":"https:\/\/api.w.org\/{rel}","templated":true}]}}